{"id":176,"date":"2022-01-27T12:17:33","date_gmt":"2022-01-27T12:17:33","guid":{"rendered":"https:\/\/wordpress-1325496-4848002.cloudwaysapps.com\/?page_id=176"},"modified":"2024-10-17T09:22:05","modified_gmt":"2024-10-17T09:22:05","slug":"buecher","status":"publish","type":"page","link":"https:\/\/riegger-krause.de\/en\/buecher\/","title":{"rendered":"Books"},"content":{"rendered":"<p>[et_pb_section fb_built=&#8220;1&#8243; _builder_version=&#8220;4.27.0&#8243; _module_preset=&#8220;default&#8220; background_color=&#8220;#FFFFFF&#8220; background_image=&#8220;https:\/\/riegger-krause.de\/wp-content\/uploads\/2024\/10\/In-der-Philosophie-liegt-der-Reichtum-des-Jin-Shin-Jyutsu-und-die-Technik-hilft-wenn-wir-die-Philosophie-nicht-leben.-Sie-ist-das-Handwerkszeug-um-uns-aus-den-Schwierigkeiten-herauszuhelfen.-2.png&#8220; background_position=&#8220;top_center&#8220; background_vertical_offset=&#8220;-100%&#8220; height=&#8220;100vh&#8220; custom_padding=&#8220;17vh||||false|false&#8220; global_colors_info=&#8220;{}&#8220;][et_pb_row column_structure=&#8220;1_2,1_2&#8243; use_custom_gutter=&#8220;on&#8220; gutter_width=&#8220;4&#8243; make_equal=&#8220;on&#8220; _builder_version=&#8220;4.27.0&#8243; _module_preset=&#8220;default&#8220; background_color=&#8220;#FFFFFF&#8220; custom_padding=&#8220;2%|5%|2%|5%|true|false&#8220; box_shadow_style=&#8220;preset2&#8243; global_colors_info=&#8220;{}&#8220;][et_pb_column type=&#8220;1_2&#8243; _builder_version=&#8220;4.27.0&#8243; _module_preset=&#8220;default&#8220; background_color=&#8220;#FFFFFF&#8220; background_image=&#8220;https:\/\/riegger-krause.de\/wp-content\/uploads\/2024\/10\/Design-ohne-Titel-22.png&#8220; background_position=&#8220;top_center&#8220; global_colors_info=&#8220;{}&#8220;][\/et_pb_column][et_pb_column type=&#8220;1_2&#8243; _builder_version=&#8220;4.27.0&#8243; _module_preset=&#8220;default&#8220; background_color=&#8220;#FFFFFF&#8220; custom_padding=&#8220;9%||9%||true|false&#8220; global_colors_info=&#8220;{}&#8220;][et_pb_text _builder_version=&#8220;4.27.0&#8243; _module_preset=&#8220;default&#8220; header_3_text_color=&#8220;#000000&#8243; header_3_line_height=&#8220;1.4em&#8220; custom_margin=&#8220;1px|||||&#8220; hover_enabled=&#8220;0&#8243; global_colors_info=&#8220;{}&#8220; sticky_enabled=&#8220;0&#8243;]<\/p>\n<h3>In der Philosophie liegt der Reichtum des Jin Shin Jyutsu und die Technik hilft, wenn wir die Philosophie nicht leben.<\/p>\n<p>Sie ist das Handwerkszeug, um uns aus den Schwierigkeiten herauszuhelfen.<\/h3>\n<p>Mary Burmeister[\/et_pb_text][\/et_pb_column][\/et_pb_row][\/et_pb_section][et_pb_section fb_built=&#8220;1&#8243; _builder_version=&#8220;4.16&#8243; _module_preset=&#8220;default&#8220; global_colors_info=&#8220;{}&#8220;][et_pb_row column_structure=&#8220;1_3,2_3&#8243; use_custom_gutter=&#8220;on&#8220; gutter_width=&#8220;4&#8243; make_equal=&#8220;on&#8220; _builder_version=&#8220;4.16&#8243; _module_preset=&#8220;default&#8220; custom_margin=&#8220;||1%||false|false&#8220; custom_padding=&#8220;||||false|false&#8220; global_colors_info=&#8220;{}&#8220;][et_pb_column type=&#8220;1_3&#8243; _builder_version=&#8220;4.16&#8243; _module_preset=&#8220;default&#8220; background_enable_image=&#8220;off&#8220; background_position=&#8220;top_center&#8220; global_colors_info=&#8220;{}&#8220;][et_pb_image src=&#8220;https:\/\/riegger-krause.de\/wp-content\/uploads\/2023\/01\/Buch_jsj_fuer_frauen.jpg&#8220; title_text=&#8220;Buch_jsj_fuer_frauen&#8220; _builder_version=&#8220;4.27.0&#8243; _module_preset=&#8220;default&#8220; box_shadow_style=&#8220;preset2&#8243; global_colors_info=&#8220;{}&#8220;][\/et_pb_image][\/et_pb_column][et_pb_column type=&#8220;2_3&#8243; _builder_version=&#8220;4.16&#8243; _module_preset=&#8220;default&#8220; custom_padding=&#8220;1%||1%||true|false&#8220; global_colors_info=&#8220;{}&#8220;][et_pb_text _builder_version=&#8220;4.16&#8243; _module_preset=&#8220;default&#8220; header_4_text_color=&#8220;#B5B5B5&#8243; custom_margin=&#8220;||2%||false|false&#8220; custom_padding=&#8220;||||false|false&#8220; global_colors_info=&#8220;{}&#8220;]<\/p>\n<h4>2023 erschienen:<\/h4>\n<h1>Jin Shin Jyutsu f\u00fcr Frauen<\/h1>\n<h3>Die weiblichen Selbstheilungskr\u00e4fte wecken<\/h3>\n<p>[\/et_pb_text][et_pb_text _builder_version=&#8220;4.16&#8243; _module_preset=&#8220;default&#8220; text_orientation=&#8220;justified&#8220; global_colors_info=&#8220;{}&#8220;]<\/p>\n<p>Gerade f\u00fcr die verschiedenen Phasen der weiblichen Entwicklung ist die japanische Selbsthilfemethode Jin Shin Jyutsu eine wichtige Unterst\u00fctzung. Sie wirkt sich harmonisierend auf den Hormonhaushalt aus und weckt die Lebensenergie. Die erstmals in Buchform ausf\u00fchrlich beschriebenen und \u00fcbersichtlich bebilderten Str\u00f6msequenzen der Organstr\u00f6me f\u00fcr die praktische Selbsthilfe bieten Rat bei allen wichtigen Aspekten der Frauengesundheit. Die erfahrene Dozentin f\u00fcr Jin Shin Jyutsu, Waltraud Riegger-Krause, zeigt, wie aus dem Abnehmen der k\u00f6rperlichen Fruchtbarkeit eine geistige Fruchtbarkeit entsteht. So k\u00f6nnen die Wechseljahre und die Zeit danach als eine bereichernde Lebensphase begr\u00fc\u00dft werden.<\/p>\n<blockquote>\n<p>\u00a0Irisiana Verlag, ISBN 978-3-424-15402-3<\/p>\n<\/blockquote>\n<p>[\/et_pb_text][\/et_pb_column][\/et_pb_row][et_pb_row column_structure=&#8220;1_3,2_3&#8243; use_custom_gutter=&#8220;on&#8220; gutter_width=&#8220;4&#8243; make_equal=&#8220;on&#8220; _builder_version=&#8220;4.16&#8243; _module_preset=&#8220;default&#8220; custom_margin=&#8220;||1%||false|false&#8220; custom_padding=&#8220;||||false|false&#8220; global_colors_info=&#8220;{}&#8220;][et_pb_column type=&#8220;1_3&#8243; _builder_version=&#8220;4.16&#8243; _module_preset=&#8220;default&#8220; background_enable_image=&#8220;off&#8220; background_position=&#8220;top_center&#8220; global_colors_info=&#8220;{}&#8220;][et_pb_image src=&#8220;https:\/\/riegger-krause.de\/wp-content\/uploads\/2022\/01\/Buecher_1_800x1250_Jin-Shin-Jyutsu-Allgaeu_Riegger-Krause.jpg&#8220; title_text=&#8220;Buecher_1_800x1250_Jin-Shin-Jyutsu-Allgaeu_Riegger-Krause&#8220; _builder_version=&#8220;4.16&#8243; _module_preset=&#8220;default&#8220; box_shadow_style=&#8220;preset2&#8243; global_colors_info=&#8220;{}&#8220;][\/et_pb_image][\/et_pb_column][et_pb_column type=&#8220;2_3&#8243; _builder_version=&#8220;4.16&#8243; _module_preset=&#8220;default&#8220; custom_padding=&#8220;1%||1%||true|false&#8220; global_colors_info=&#8220;{}&#8220;][et_pb_text _builder_version=&#8220;4.16&#8243; _module_preset=&#8220;default&#8220; header_4_text_color=&#8220;#B5B5B5&#8243; custom_margin=&#8220;||2%||false|false&#8220; custom_padding=&#8220;||||false|false&#8220; global_colors_info=&#8220;{}&#8220;]<\/p>\n<h4>Der gro\u00dfe Klassiker f\u00fcr Selbstanwender<\/h4>\n<h1>Jin Shin Jyutsu<\/h1>\n<h3>Die Kunst der Selbstheilung durch Auflegen der H\u00e4nde<\/h3>\n<p>[\/et_pb_text][et_pb_text _builder_version=&#8220;4.16&#8243; _module_preset=&#8220;default&#8220; text_orientation=&#8220;justified&#8220; global_colors_info=&#8220;{}&#8220;]<\/p>\n<p>Waltraud Riegger-Krause<br \/>Das Standartwerk \u00fcber Jin Shin Jyutsu erl\u00e4utert die vielschichtigen Zusammenh\u00e4nge dieser japanischen Heilkunst und zeigt gleichzeitig einfache M\u00f6glichkeiten der Selbsthilfe auf. Detaillierte und leicht nachvollziehbare \u00dcbungsanleitungen mit farbigen Abbildungen der Griffe erleichtern es dem Anwender, den Anleitungen zu folgen. Auf jeder Seite stehen inspirierende spirituelle und philosophische Zitate, die als Lebensweisheiten dazu dienen k\u00f6nnen, den Alltag leichter zu erleben.<\/p>\n<ul>\n<li>Alle 26 Sicherheits- Energieschl\u00f6sser illustrativ erkl\u00e4rt<\/li>\n<li>Mit Anleitung f\u00fcr ihr pers\u00f6nliches Selbsthilfeprogramm<\/li>\n<\/ul>\n<blockquote>\n<p>Irisiana Verlag, ISBN: 978-3-424-15171-8<\/p>\n<\/blockquote>\n<p>[\/et_pb_text][\/et_pb_column][\/et_pb_row][et_pb_row column_structure=&#8220;1_3,2_3&#8243; use_custom_gutter=&#8220;on&#8220; gutter_width=&#8220;4&#8243; make_equal=&#8220;on&#8220; _builder_version=&#8220;4.16&#8243; _module_preset=&#8220;default&#8220; custom_margin=&#8220;||1%||false|false&#8220; custom_padding=&#8220;||||false|false&#8220; global_colors_info=&#8220;{}&#8220;][et_pb_column type=&#8220;1_3&#8243; _builder_version=&#8220;4.16&#8243; _module_preset=&#8220;default&#8220; background_enable_image=&#8220;off&#8220; background_position=&#8220;top_center&#8220; global_colors_info=&#8220;{}&#8220;][et_pb_image src=&#8220;https:\/\/riegger-krause.de\/wp-content\/uploads\/2022\/01\/Buecher_2_800x1250_Jin-Shin-Jyutsu-Allgaeu_Riegger-Krause.jpg&#8220; title_text=&#8220;Buecher_2_800x1250_Jin-Shin-Jyutsu-Allgaeu_Riegger-Krause&#8220; _builder_version=&#8220;4.16&#8243; _module_preset=&#8220;default&#8220; box_shadow_style=&#8220;preset2&#8243; global_colors_info=&#8220;{}&#8220;][\/et_pb_image][\/et_pb_column][et_pb_column type=&#8220;2_3&#8243; _builder_version=&#8220;4.16&#8243; _module_preset=&#8220;default&#8220; custom_padding=&#8220;1%||1%||true|false&#8220; global_colors_info=&#8220;{}&#8220;][et_pb_text _builder_version=&#8220;4.16&#8243; _module_preset=&#8220;default&#8220; header_4_text_color=&#8220;#B5B5B5&#8243; custom_margin=&#8220;||2%||false|false&#8220; custom_padding=&#8220;||||false|false&#8220; global_colors_info=&#8220;{}&#8220;]<\/p>\n<h4>Der kompakte Ratgeber zur japanischen Heilkunst<\/h4>\n<h1>Jin Shin Jyutsu<\/h1>\n<h3>Einfache Anwendung zur Selbsthilfe<\/h3>\n<p>[\/et_pb_text][et_pb_text _builder_version=&#8220;4.16&#8243; _module_preset=&#8220;default&#8220; text_orientation=&#8220;justified&#8220; global_colors_info=&#8220;{}&#8220;]<\/p>\n<p>Waltraud Riegger-Krause<br \/>Der praktische Kompaktratgeber zeigt anschaulich, wo man die H\u00e4nde plaziert, um die Lebensenergie ins Gleichgewicht zu bringen und innere Harmonie zu erfahren. Ideal f\u00fcr alle, die auch unterwegs nicht auf die t\u00e4gliche Anwendung des Jin Shin Jyutsu verzichten wollen.<\/p>\n<ul>\n<li>Alle 26 Sicherheits Energieschl\u00f6sser auf einen Blick<\/li>\n<li>Selbsthilfegriffe f\u00fcr allt\u00e4gliche Beschwerden<\/li>\n<li>Neue Vitalit\u00e4t \u2013 drei ausf\u00fchrliche Sequenzen, um Stress und Spannungen zu l\u00f6sen.<\/li>\n<\/ul>\n<blockquote>\n<p>Irisiana Verlag, ISBN: 978-3-424-15172-5<\/p>\n<\/blockquote>\n<p>[\/et_pb_text][\/et_pb_column][\/et_pb_row][et_pb_row column_structure=&#8220;1_3,2_3&#8243; use_custom_gutter=&#8220;on&#8220; gutter_width=&#8220;4&#8243; make_equal=&#8220;on&#8220; _builder_version=&#8220;4.16&#8243; _module_preset=&#8220;default&#8220; custom_margin=&#8220;||1%||false|false&#8220; custom_padding=&#8220;||||false|false&#8220; global_colors_info=&#8220;{}&#8220;][et_pb_column type=&#8220;1_3&#8243; _builder_version=&#8220;4.16&#8243; _module_preset=&#8220;default&#8220; background_enable_image=&#8220;off&#8220; background_position=&#8220;top_center&#8220; global_colors_info=&#8220;{}&#8220;][et_pb_image src=&#8220;https:\/\/riegger-krause.de\/wp-content\/uploads\/2022\/01\/Buecher_3_800x1250_Jin-Shin-Jyutsu-Allgaeu_Riegger-Krause.jpg&#8220; title_text=&#8220;Buecher_3_800x1250_Jin-Shin-Jyutsu-Allgaeu_Riegger-Krause&#8220; _builder_version=&#8220;4.16&#8243; _module_preset=&#8220;default&#8220; box_shadow_style=&#8220;preset2&#8243; global_colors_info=&#8220;{}&#8220;][\/et_pb_image][\/et_pb_column][et_pb_column type=&#8220;2_3&#8243; _builder_version=&#8220;4.16&#8243; _module_preset=&#8220;default&#8220; custom_padding=&#8220;1%||1%||true|false&#8220; global_colors_info=&#8220;{}&#8220;][et_pb_text _builder_version=&#8220;4.16&#8243; _module_preset=&#8220;default&#8220; header_4_text_color=&#8220;#B5B5B5&#8243; custom_margin=&#8220;||2%||false|false&#8220; custom_padding=&#8220;||||false|false&#8220; global_colors_info=&#8220;{}&#8220;]<\/p>\n<h4>48 Arbeitskarten f\u00fcr die Anwendung<\/h4>\n<h1>Jin Shin Jyutsu<\/h1>\n<h3>Die Kunst der Selbstheilung praktisch nutzen<\/h3>\n<p>[\/et_pb_text][et_pb_text _builder_version=&#8220;4.16&#8243; _module_preset=&#8220;default&#8220; text_orientation=&#8220;justified&#8220; global_colors_info=&#8220;{}&#8220;]<\/p>\n<p>Waltraud Riegger-Krause<br \/>Die \u00fcbersichtlich gestalteten Karten eignen sich hervorragend zum schnellen Erlernen der Kunst des Jin Shin Jyutsu. Sie zeigen zahlreiche Anwendungsm\u00f6glichkeiten f\u00fcr k\u00f6rperliche und seelische Beschwerden.<\/p>\n<ul>\n<li>48 beidseitig beschriftete Karten im Faltetui mit anschaulichen Bildern<\/li>\n<li>Mit vielen praktischen \u00dcbungen f\u00fcr Selbstanwender.<\/li>\n<\/ul>\n<blockquote>\n<p>Irisiana Verlag, ISBN: 978-3-424-15185-5<\/p>\n<\/blockquote>\n<p>Schauen Sie <a href=\"https:\/\/www.health-is-in-your-hands.com\/videos.html\">hier<\/a> kostenlose Selbsthilfe-Videos auf Englisch auf der Websites des amerikanischen Herausgebers des Kartensets an oder verfolgen mein letztes Interview auf <a href=\"https:\/\/www.youtube.com\/watch?v=3zOTgZ4zKx4\">YouTube<\/a>!<\/p>\n<p>[\/et_pb_text][\/et_pb_column][\/et_pb_row][et_pb_row column_structure=&#8220;1_3,2_3&#8243; use_custom_gutter=&#8220;on&#8220; gutter_width=&#8220;4&#8243; make_equal=&#8220;on&#8220; _builder_version=&#8220;4.16&#8243; _module_preset=&#8220;default&#8220; custom_margin=&#8220;||1%||false|false&#8220; custom_padding=&#8220;||||false|false&#8220; global_colors_info=&#8220;{}&#8220;][et_pb_column type=&#8220;1_3&#8243; _builder_version=&#8220;4.16&#8243; _module_preset=&#8220;default&#8220; background_enable_image=&#8220;off&#8220; background_position=&#8220;top_center&#8220; global_colors_info=&#8220;{}&#8220;][et_pb_image src=&#8220;https:\/\/riegger-krause.de\/wp-content\/uploads\/2022\/01\/Buecher_4_800x1250_Jin-Shin-Jyutsu-Allgaeu_Riegger-Krause-450&#215;398-1.jpg&#8220; title_text=&#8220;Buecher_4_800x1250_Jin-Shin-Jyutsu-Allgaeu_Riegger-Krause-450&#215;398&#8243; _builder_version=&#8220;4.16&#8243; _module_preset=&#8220;default&#8220; box_shadow_style=&#8220;preset2&#8243; global_colors_info=&#8220;{}&#8220;][\/et_pb_image][\/et_pb_column][et_pb_column type=&#8220;2_3&#8243; _builder_version=&#8220;4.16&#8243; _module_preset=&#8220;default&#8220; custom_padding=&#8220;1%||1%||true|false&#8220; global_colors_info=&#8220;{}&#8220;][et_pb_text _builder_version=&#8220;4.16&#8243; _module_preset=&#8220;default&#8220; header_4_text_color=&#8220;#B5B5B5&#8243; custom_margin=&#8220;||2%||false|false&#8220; custom_padding=&#8220;||||false|false&#8220; global_colors_info=&#8220;{}&#8220;]<\/p>\n<h4>CD mit gesprochenen \u00dcbungen f\u00fcr die t\u00e4gliche Anwendung<\/h4>\n<h1>Jin Shin Jyutsu<\/h1>\n<h3>Entspannen mit dem \u00dcbungsprogramm<\/h3>\n<p>[\/et_pb_text][et_pb_text _builder_version=&#8220;4.16&#8243; _module_preset=&#8220;default&#8220; text_orientation=&#8220;justified&#8220; global_colors_info=&#8220;{}&#8220;]<\/p>\n<p>Waltraud Riegger-Krause<br \/>2 CD\u2019s, Spielzeit ca. 139 Minuten<br \/>Gesprochen von Martina K\u00f6hler, Vorwort gesprochen von Waltraud Riegger-Krause<\/p>\n<p>Dieses Audioprogramm dient der t\u00e4glichen Anwendung zur St\u00e4rkung Ihrer Lebenskraft. Sie werden zu einfachen Selbsthilfe\u00fcbungen angeleitet, und auf entspannende Reisen nach Innen mitgenommen, die helfen die Gedanken zu beruhigen, die Emotionen auszugleichen und die Selbstheilungskr\u00e4fte zu st\u00e4rken.<\/p>\n<blockquote>\n<p>Irisiana Verlag, ISBN: 978-3-424-15187-9<\/p>\n<\/blockquote>\n<p>[\/et_pb_text][\/et_pb_column][\/et_pb_row][et_pb_row column_structure=&#8220;1_3,2_3&#8243; use_custom_gutter=&#8220;on&#8220; gutter_width=&#8220;4&#8243; make_equal=&#8220;on&#8220; _builder_version=&#8220;4.16&#8243; _module_preset=&#8220;default&#8220; custom_margin=&#8220;||1%||false|false&#8220; custom_padding=&#8220;||||false|false&#8220; global_colors_info=&#8220;{}&#8220;][et_pb_column type=&#8220;1_3&#8243; _builder_version=&#8220;4.16&#8243; _module_preset=&#8220;default&#8220; background_enable_image=&#8220;off&#8220; background_position=&#8220;top_center&#8220; global_colors_info=&#8220;{}&#8220;][et_pb_image src=&#8220;https:\/\/riegger-krause.de\/wp-content\/uploads\/2022\/01\/Buecher_5_800x1188_Jin-Shin-Jyutsu-Allgaeu_Riegger-Krause-202&#215;300-1.jpg&#8220; title_text=&#8220;Buecher_5_800x1188_Jin-Shin-Jyutsu-Allgaeu_Riegger-Krause-202&#215;300&#8243; _builder_version=&#8220;4.16&#8243; _module_preset=&#8220;default&#8220; box_shadow_style=&#8220;preset2&#8243; global_colors_info=&#8220;{}&#8220;][\/et_pb_image][\/et_pb_column][et_pb_column type=&#8220;2_3&#8243; _builder_version=&#8220;4.16&#8243; _module_preset=&#8220;default&#8220; custom_padding=&#8220;1%||1%||true|false&#8220; global_colors_info=&#8220;{}&#8220;][et_pb_text _builder_version=&#8220;4.16&#8243; _module_preset=&#8220;default&#8220; header_4_text_color=&#8220;#B5B5B5&#8243; custom_margin=&#8220;||2%||false|false&#8220; custom_padding=&#8220;||||false|false&#8220; global_colors_info=&#8220;{}&#8220;]<\/p>\n<h4>For Hands-on Practice<\/h4>\n<h1>Health is in your Hands: Jin Shin Jyutsu<\/h1>\n<h3>Practicing the Art of Self-Healing<\/h3>\n<p>[\/et_pb_text][et_pb_text _builder_version=&#8220;4.16&#8243; _module_preset=&#8220;default&#8220; text_orientation=&#8220;justified&#8220; global_colors_info=&#8220;{}&#8220;]Book with 51 Flash Cards<\/p>\n<p>Waltraud Riegger-Krause<br \/>\nBestselling author and authorized Jin Shin Jyutsu instructor Waltraud Riegger-Krause makes the healing art of Jin Shin Jyutsu conveniently accessible as a hands-on practice to anyone. Besides offering an astute, yet simply and clearly written, introduction of Jin Shin Jyutsu, Health Is in Your Hands lays out a wide variety of treatments for a broad range of symptoms and conditions. What makes Health Is in Your Hands truly revolutionary and indispensable, however, is its comprehensive flash card set for immediate hands-on Jin Shin Jyutsu application, allows you to quickly learn the connections between the depths, energy locks and organ flows, and to choose the appropriate cards and practice the appropriate flows for any given symptoms.<\/p>\n<blockquote><p>Upper West Side Philosophers, Inc., ISBN: 978-1-935-83023-8<\/p><\/blockquote>\n<p>Schauen Sie <a href=\"https:\/\/www.health-is-in-your-hands.com\/videos.html\">hier<\/a> kostenlose Selbsthilfe-Videos auf Englisch auf der Websites des amerikanischen Herausgebers des Kartensets an oder verfolgen mein letztes Interview auf <a href=\"https:\/\/www.youtube.com\/watch?v=3zOTgZ4zKx4\">YouTube<\/a>![\/et_pb_text][\/et_pb_column][\/et_pb_row][et_pb_row column_structure=&#8220;1_3,2_3&#8243; use_custom_gutter=&#8220;on&#8220; gutter_width=&#8220;4&#8243; make_equal=&#8220;on&#8220; _builder_version=&#8220;4.16&#8243; _module_preset=&#8220;default&#8220; custom_margin=&#8220;||1%||false|false&#8220; custom_padding=&#8220;||||false|false&#8220; global_colors_info=&#8220;{}&#8220;][et_pb_column type=&#8220;1_3&#8243; _builder_version=&#8220;4.16&#8243; _module_preset=&#8220;default&#8220; background_enable_image=&#8220;off&#8220; background_position=&#8220;top_center&#8220; global_colors_info=&#8220;{}&#8220;][et_pb_image src=&#8220;https:\/\/riegger-krause.de\/wp-content\/uploads\/2022\/01\/Buecher_6_800x1250_Jin-Shin-Jyutsu-Allgaeu_Riegger-Krause.jpg&#8220; title_text=&#8220;Buecher_6_800x1250_Jin-Shin-Jyutsu-Allgaeu_Riegger-Krause&#8220; _builder_version=&#8220;4.16&#8243; _module_preset=&#8220;default&#8220; box_shadow_style=&#8220;preset2&#8243; global_colors_info=&#8220;{}&#8220;][\/et_pb_image][\/et_pb_column][et_pb_column type=&#8220;2_3&#8243; _builder_version=&#8220;4.16&#8243; _module_preset=&#8220;default&#8220; custom_padding=&#8220;1%||1%||true|false&#8220; global_colors_info=&#8220;{}&#8220;][et_pb_text _builder_version=&#8220;4.16&#8243; _module_preset=&#8220;default&#8220; header_4_text_color=&#8220;#B5B5B5&#8243; custom_margin=&#8220;||2%||false|false&#8220; custom_padding=&#8220;||||false|false&#8220; global_colors_info=&#8220;{}&#8220;]<\/p>\n<h1>Palpation &#8211; Wahrnehmung -Heilung<\/h1>\n<h3>Ein \u00dcbungsbuch<\/h3>\n<p>[\/et_pb_text][et_pb_text _builder_version=&#8220;4.16&#8243; _module_preset=&#8220;default&#8220; text_orientation=&#8220;justified&#8220; global_colors_info=&#8220;{}&#8220;]<\/p>\n<p>R\u00fcdiger Krause<\/p>\n<p>Dieses erste \u00dcbungsbuch f\u00fcr Palpation und Wahrnehmungsf\u00e4higkeit bietet Ihnen eine optimale Basis zur Selbstschulung. Sie profitieren von zahlreichen, gut nachvollziehbaren Anleitungen zur Palpation und Wahrnehmung. Eine kurze theoretische Einf\u00fchrung zu Palpation, Wahrnehmung und Heilung begleitet die \u00dcbungen.<\/p>\n<blockquote>\n<p>Sonntag Verlag, ISBN: 978-3-8304-9178-1<\/p>\n<\/blockquote>\n<p>[\/et_pb_text][\/et_pb_column][\/et_pb_row][\/et_pb_section][et_pb_section fb_built=&#8220;1&#8243; _builder_version=&#8220;4.16&#8243; _module_preset=&#8220;default&#8220; global_colors_info=&#8220;{}&#8220;][et_pb_row column_structure=&#8220;1_2,1_2&#8243; use_custom_gutter=&#8220;on&#8220; gutter_width=&#8220;4&#8243; make_equal=&#8220;on&#8220; _builder_version=&#8220;4.16&#8243; _module_preset=&#8220;default&#8220; background_color=&#8220;#FFE6E2&#8243; custom_padding=&#8220;2%|5%|2%|5%|true|false&#8220; global_colors_info=&#8220;{}&#8220;][et_pb_column type=&#8220;1_2&#8243; _builder_version=&#8220;4.16&#8243; _module_preset=&#8220;default&#8220; background_image=&#8220;https:\/\/riegger-krause.de\/wp-content\/uploads\/2022\/01\/JSJ_5_800x1150px_Jin-Shin-Jyutsu-Allgaeu_Riegger-K.jpg&#8220; background_position=&#8220;top_center&#8220; global_colors_info=&#8220;{}&#8220;][et_pb_image src=&#8220;https:\/\/riegger-krause.de\/wp-content\/uploads\/2022\/01\/WRK_Video_4.png&#8220; title_text=&#8220;WRK_Video_4&#8243; align=&#8220;center&#8220; disabled_on=&#8220;off|off|on&#8220; _builder_version=&#8220;4.16&#8243; _module_preset=&#8220;default&#8220; global_colors_info=&#8220;{}&#8220;][\/et_pb_image][\/et_pb_column][et_pb_column type=&#8220;1_2&#8243; _builder_version=&#8220;4.16&#8243; _module_preset=&#8220;default&#8220; custom_padding=&#8220;9%||9%||true|false&#8220; global_colors_info=&#8220;{}&#8220;][et_pb_text _builder_version=&#8220;4.16&#8243; _module_preset=&#8220;default&#8220; header_3_line_height=&#8220;1.4em&#8220; global_colors_info=&#8220;{}&#8220;]<\/p>\n<h3>Bitte unterst\u00fctzen Sie<\/h3>\n<h3>den lokalen Buchhandel<\/h3>\n<h3>und bestellen Sie B\u00fccher<\/h3>\n<h3>im Gesch\u00e4ft in Ihrer N\u00e4he.<\/h3>\n<p>&nbsp;<\/p>\n<h3>Danke\u00a0<\/h3>\n<p>[\/et_pb_text][\/et_pb_column][\/et_pb_row][\/et_pb_section][et_pb_section fb_built=&#8220;1&#8243; _builder_version=&#8220;4.27.0&#8243; _module_preset=&#8220;default&#8220; global_colors_info=&#8220;{}&#8220;][et_pb_row _builder_version=&#8220;4.27.0&#8243; _module_preset=&#8220;default&#8220; global_colors_info=&#8220;{}&#8220;][et_pb_column type=&#8220;4_4&#8243; _builder_version=&#8220;4.27.0&#8243; _module_preset=&#8220;default&#8220; global_colors_info=&#8220;{}&#8220;][\/et_pb_column][\/et_pb_row][\/et_pb_section]<\/p>\n","protected":false},"excerpt":{"rendered":"<p>In der Philosophie liegt der Reichtum des Jin Shin Jyutsu und die Technik hilft, wenn wir die Philosophie nicht leben. Sie ist das Handwerkszeug, um uns aus den Schwierigkeiten herauszuhelfen. Mary Burmeister2023 erschienen: Jin Shin Jyutsu f\u00fcr Frauen Die weiblichen Selbstheilungskr\u00e4fte weckenGerade f\u00fcr die verschiedenen Phasen der weiblichen Entwicklung ist die japanische Selbsthilfemethode Jin Shin [&hellip;]<\/p>\n","protected":false},"author":1,"featured_media":0,"parent":0,"menu_order":0,"comment_status":"closed","ping_status":"closed","template":"","meta":{"_et_pb_use_builder":"on","_et_pb_old_content":"","_et_gb_content_width":"","footnotes":""},"class_list":["post-176","page","type-page","status-publish","hentry"],"_links":{"self":[{"href":"https:\/\/riegger-krause.de\/en\/wp-json\/wp\/v2\/pages\/176","targetHints":{"allow":["GET"]}}],"collection":[{"href":"https:\/\/riegger-krause.de\/en\/wp-json\/wp\/v2\/pages"}],"about":[{"href":"https:\/\/riegger-krause.de\/en\/wp-json\/wp\/v2\/types\/page"}],"author":[{"embeddable":true,"href":"https:\/\/riegger-krause.de\/en\/wp-json\/wp\/v2\/users\/1"}],"replies":[{"embeddable":true,"href":"https:\/\/riegger-krause.de\/en\/wp-json\/wp\/v2\/comments?post=176"}],"version-history":[{"count":10,"href":"https:\/\/riegger-krause.de\/en\/wp-json\/wp\/v2\/pages\/176\/revisions"}],"predecessor-version":[{"id":846,"href":"https:\/\/riegger-krause.de\/en\/wp-json\/wp\/v2\/pages\/176\/revisions\/846"}],"wp:attachment":[{"href":"https:\/\/riegger-krause.de\/en\/wp-json\/wp\/v2\/media?parent=176"}],"curies":[{"name":"wp","href":"https:\/\/api.w.org\/{rel}","templated":true}]}}