{"id":252,"date":"2022-01-28T09:36:02","date_gmt":"2022-01-28T09:36:02","guid":{"rendered":"https:\/\/wordpress-1325496-4848002.cloudwaysapps.com\/?page_id=252"},"modified":"2024-10-17T09:28:46","modified_gmt":"2024-10-17T09:28:46","slug":"webinare","status":"publish","type":"page","link":"https:\/\/riegger-krause.de\/en\/webinare\/","title":{"rendered":"Webinars"},"content":{"rendered":"<p>[et_pb_section fb_built=&#8220;1&#8243; _builder_version=&#8220;4.27.0&#8243; _module_preset=&#8220;default&#8220; background_image=&#8220;https:\/\/riegger-krause.de\/wp-content\/uploads\/2022\/01\/JSJ-Webinare-Blank.jpg&#8220; height=&#8220;100vh&#8220; custom_padding=&#8220;17vh||||false|false&#8220; hover_enabled=&#8220;0&#8243; global_colors_info=&#8220;{}&#8220; sticky_enabled=&#8220;0&#8243;][et_pb_row _builder_version=&#8220;4.14.4&#8243; _dynamic_attributes=&#8220;link_option_url&#8220; _module_preset=&#8220;default&#8220; animation_style=&#8220;fade&#8220; animation_duration=&#8220;1700ms&#8220; link_option_url=&#8220;@ET-DC@eyJkeW5hbWljIjp0cnVlLCJjb250ZW50IjoicG9zdF9saW5rX3VybF9wYWdlIiwic2V0dGluZ3MiOnsicG9zdF9pZCI6IjMwIn19@&#8220; global_module=&#8220;433&#8243; saved_tabs=&#8220;all&#8220; global_colors_info=&#8220;{}&#8220;][et_pb_column type=&#8220;4_4&#8243; _builder_version=&#8220;4.16&#8243; _module_preset=&#8220;default&#8220; global_colors_info=&#8220;{}&#8220;][et_pb_image src=&#8220;https:\/\/riegger-krause.de\/wp-content\/uploads\/2022\/01\/logo_jsy_weiss.png&#8220; title_text=&#8220;logo_jsy_weiss&#8220; _builder_version=&#8220;4.16&#8243; _module_preset=&#8220;default&#8220; width=&#8220;15%&#8220; width_tablet=&#8220;25%&#8220; width_phone=&#8220;49%&#8220; width_last_edited=&#8220;on|phone&#8220; module_alignment=&#8220;center&#8220; custom_margin=&#8220;||2%||false|false&#8220; global_colors_info=&#8220;{}&#8220;][\/et_pb_image][et_pb_text _builder_version=&#8220;4.16&#8243; _module_preset=&#8220;default&#8220; header_3_text_align=&#8220;center&#8220; header_3_text_color=&#8220;#FFFFFF&#8220; header_3_font_size=&#8220;24px&#8220; custom_margin=&#8220;0px||||false|false&#8220; custom_padding=&#8220;0px||||false|false&#8220; global_colors_info=&#8220;{}&#8220;]<\/p>\n<h3>Jin Shin Jyutsu<\/h3>\n<p>[\/et_pb_text][\/et_pb_column][\/et_pb_row][\/et_pb_section][et_pb_section fb_built=&#8220;1&#8243; module_id=&#8220;Kurse&#8220; _builder_version=&#8220;4.16&#8243; _module_preset=&#8220;default&#8220; background_enable_color=&#8220;off&#8220; global_colors_info=&#8220;{}&#8220;][et_pb_row _builder_version=&#8220;4.16&#8243; _module_preset=&#8220;default&#8220; global_colors_info=&#8220;{}&#8220;][et_pb_column type=&#8220;4_4&#8243; _builder_version=&#8220;4.16&#8243; _module_preset=&#8220;default&#8220; global_colors_info=&#8220;{}&#8220;][et_pb_text _builder_version=&#8220;4.16&#8243; _module_preset=&#8220;default&#8220; header_text_align=&#8220;center&#8220; header_3_text_align=&#8220;center&#8220; global_colors_info=&#8220;{}&#8220;]<\/p>\n<h1>Kostenlose Webinare<\/h1>\n<h3>zur Selbsthilfe und Meditation<\/h3>\n<p>[\/et_pb_text][et_pb_text _builder_version=&#8220;4.16&#8243; _module_preset=&#8220;default&#8220; text_orientation=&#8220;center&#8220; global_colors_info=&#8220;{}&#8220;]<\/p>\n<p>\u2013 am 23. Juli endete die 7. Runde unserer WE ARE ONE Webinare \u2013<\/p>\n<p>Alle Webinare k\u00f6nnen auch nachtr\u00e4glich \u00fcber YouTube angeschaut werden. Im Folgenden sind meine Webinare in deutscher Sprache nach Terminen und Themen f\u00fcr dich aufgelistet.\u00a0Klicke einfach auf das gew\u00fcnschte Webinar, um zum jeweiligen Video (YouTube) zu gelangen.<\/p>\n<p>Liebe Gr\u00fc\u00dfe, Waltraud<\/p>\n<p>&nbsp;<\/p>\n<p>[\/et_pb_text][\/et_pb_column][\/et_pb_row][et_pb_row column_structure=&#8220;1_4,1_4,1_4,1_4&#8243; _builder_version=&#8220;4.16&#8243; _module_preset=&#8220;default&#8220; global_colors_info=&#8220;{}&#8220;][et_pb_column type=&#8220;1_4&#8243; _builder_version=&#8220;4.16&#8243; _module_preset=&#8220;default&#8220; global_colors_info=&#8220;{}&#8220;][et_pb_blurb title=&#8220;Thema: Loslassen&#8220; url=&#8220;https:\/\/www.youtube.com\/watch?v=4hS38F38cmM&#8220; url_new_window=&#8220;on&#8220; image=&#8220;https:\/\/riegger-krause.de\/wp-content\/uploads\/2022\/01\/WRK_Webinar_1.png&#8220; _builder_version=&#8220;4.16&#8243; _module_preset=&#8220;default&#8220; link_option_url=&#8220;https:\/\/www.youtube.com\/watch?v=4hS38F38cmM&#8220; link_option_url_new_window=&#8220;on&#8220; global_colors_info=&#8220;{}&#8220;]<\/p>\n<p>zum Webinar vom 17. Juli mit Waltraud Riegger-Krause<\/p>\n<p>[\/et_pb_blurb][\/et_pb_column][et_pb_column type=&#8220;1_4&#8243; _builder_version=&#8220;4.16&#8243; _module_preset=&#8220;default&#8220; global_colors_info=&#8220;{}&#8220;][et_pb_blurb title=&#8220;Thema: Leberenergie&#8220; url=&#8220;https:\/\/www.youtube.com\/watch?v=miHYFR2yeHQ&#8220; url_new_window=&#8220;on&#8220; image=&#8220;https:\/\/riegger-krause.de\/wp-content\/uploads\/2022\/01\/WRK_Webinar_2.png&#8220; _builder_version=&#8220;4.16&#8243; _module_preset=&#8220;default&#8220; link_option_url=&#8220;https:\/\/www.youtube.com\/watch?v=miHYFR2yeHQ&#8220; link_option_url_new_window=&#8220;on&#8220; global_colors_info=&#8220;{}&#8220;]<\/p>\n<p>zum Webinar vom 18. Juni mit Waltraud Riegger-Krause<\/p>\n<p>[\/et_pb_blurb][\/et_pb_column][et_pb_column type=&#8220;1_4&#8243; _builder_version=&#8220;4.16&#8243; _module_preset=&#8220;default&#8220; global_colors_info=&#8220;{}&#8220;][et_pb_blurb title=&#8220;Thema: Erm\u00fcdung&#8220; url=&#8220;https:\/\/www.youtube.com\/watch?v=_e3gl2bhNt0&#8243; url_new_window=&#8220;on&#8220; image=&#8220;https:\/\/riegger-krause.de\/wp-content\/uploads\/2022\/01\/WRK_Webinar_3.png&#8220; _builder_version=&#8220;4.16&#8243; _module_preset=&#8220;default&#8220; link_option_url=&#8220;https:\/\/www.youtube.com\/watch?v=_e3gl2bhNt0&#8243; link_option_url_new_window=&#8220;on&#8220; global_colors_info=&#8220;{}&#8220;]<\/p>\n<p>zum Webinar vom 01. Juni mit Waltraud Riegger-Krause<\/p>\n<p>[\/et_pb_blurb][\/et_pb_column][et_pb_column type=&#8220;1_4&#8243; _builder_version=&#8220;4.16&#8243; _module_preset=&#8220;default&#8220; global_colors_info=&#8220;{}&#8220;][et_pb_blurb title=&#8220;Thema: Mitte des K\u00f6rpers&#8220; url=&#8220;https:\/\/www.youtube.com\/watch?v=iGMiS5msthc&#8220; url_new_window=&#8220;on&#8220; image=&#8220;https:\/\/riegger-krause.de\/wp-content\/uploads\/2022\/01\/WRK_Webinar_4.png&#8220; _builder_version=&#8220;4.16&#8243; _module_preset=&#8220;default&#8220; link_option_url=&#8220;https:\/\/www.youtube.com\/watch?v=iGMiS5msthc&#8220; link_option_url_new_window=&#8220;on&#8220; global_colors_info=&#8220;{}&#8220;]<\/p>\n<p>zum Webinar vom 18. Mai mit Waltraud Riegger-Krause<\/p>\n<p>[\/et_pb_blurb][\/et_pb_column][\/et_pb_row][et_pb_row column_structure=&#8220;1_4,1_4,1_4,1_4&#8243; _builder_version=&#8220;4.16&#8243; _module_preset=&#8220;default&#8220; global_colors_info=&#8220;{}&#8220;][et_pb_column type=&#8220;1_4&#8243; _builder_version=&#8220;4.16&#8243; _module_preset=&#8220;default&#8220; global_colors_info=&#8220;{}&#8220;][et_pb_blurb title=&#8220;Thema: Harmonisierung der Gedanken&#8220; url=&#8220;https:\/\/www.youtube.com\/watch?v=bVXJK6MMNMI&#8220; url_new_window=&#8220;on&#8220; image=&#8220;https:\/\/riegger-krause.de\/wp-content\/uploads\/2022\/01\/WRK_Webinar_5.png&#8220; _builder_version=&#8220;4.16&#8243; _module_preset=&#8220;default&#8220; link_option_url=&#8220;https:\/\/www.youtube.com\/watch?v=bVXJK6MMNMI&#8220; link_option_url_new_window=&#8220;on&#8220; global_colors_info=&#8220;{}&#8220;]<\/p>\n<p>zum Webinar vom 30. April mit Waltraud Riegger-Krause<\/p>\n<p>[\/et_pb_blurb][\/et_pb_column][et_pb_column type=&#8220;1_4&#8243; _builder_version=&#8220;4.16&#8243; _module_preset=&#8220;default&#8220; global_colors_info=&#8220;{}&#8220;][et_pb_blurb title=&#8220;Thema: Lungenenergie&#8220; url=&#8220;https:\/\/www.youtube.com\/watch?v=EnsukVGo2b0&#8243; url_new_window=&#8220;on&#8220; image=&#8220;https:\/\/riegger-krause.de\/wp-content\/uploads\/2022\/01\/WRK_Webinar_6.png&#8220; _builder_version=&#8220;4.16&#8243; _module_preset=&#8220;default&#8220; link_option_url=&#8220;https:\/\/www.youtube.com\/watch?v=EnsukVGo2b0&#8243; link_option_url_new_window=&#8220;on&#8220; global_colors_info=&#8220;{}&#8220;]<\/p>\n<p>zum Webinar vom 15. April mit Waltraud Riegger-Krause<\/p>\n<p>[\/et_pb_blurb][\/et_pb_column][et_pb_column type=&#8220;1_4&#8243; _builder_version=&#8220;4.16&#8243; _module_preset=&#8220;default&#8220; global_colors_info=&#8220;{}&#8220;][et_pb_blurb title=&#8220;Thema: Das innere Zuhause\/Nabelstrom&#8220; url=&#8220;https:\/\/www.youtube.com\/watch?v=3g3WsjL9zDQ&#8220; url_new_window=&#8220;on&#8220; image=&#8220;https:\/\/riegger-krause.de\/wp-content\/uploads\/2022\/01\/WRK_Webinar_7.png&#8220; _builder_version=&#8220;4.16&#8243; _module_preset=&#8220;default&#8220; link_option_url=&#8220;https:\/\/www.youtube.com\/watch?v=3g3WsjL9zDQ&#8220; link_option_url_new_window=&#8220;on&#8220; global_colors_info=&#8220;{}&#8220;]<\/p>\n<p>zum<span>\u00a0<\/span>Webinar vom 03. April<span>\u00a0<\/span>mit Waltraud Riegger-Krause<\/p>\n<p>[\/et_pb_blurb][\/et_pb_column][et_pb_column type=&#8220;1_4&#8243; _builder_version=&#8220;4.16&#8243; _module_preset=&#8220;default&#8220; global_colors_info=&#8220;{}&#8220;][\/et_pb_column][\/et_pb_row][\/et_pb_section][et_pb_section fb_built=&#8220;1&#8243; _builder_version=&#8220;4.16&#8243; _module_preset=&#8220;default&#8220; global_colors_info=&#8220;{}&#8220;][et_pb_row _builder_version=&#8220;4.16&#8243; _module_preset=&#8220;default&#8220; background_color=&#8220;#FFE6E2&#8243; global_colors_info=&#8220;{}&#8220;][et_pb_column type=&#8220;4_4&#8243; _builder_version=&#8220;4.16&#8243; _module_preset=&#8220;default&#8220; global_colors_info=&#8220;{}&#8220;][et_pb_text _builder_version=&#8220;4.16&#8243; _module_preset=&#8220;default&#8220; header_text_align=&#8220;center&#8220; header_3_text_align=&#8220;center&#8220; global_colors_info=&#8220;{}&#8220;]<\/p>\n<h3>Weitere<\/h3>\n<h1>Online Webinare<\/h1>\n<p>[\/et_pb_text][\/et_pb_column][\/et_pb_row][et_pb_row column_structure=&#8220;1_3,1_3,1_3&#8243; _builder_version=&#8220;4.16&#8243; _module_preset=&#8220;default&#8220; background_color=&#8220;#FFE6E2&#8243; custom_padding=&#8220;|2%||2%|false|true&#8220; global_colors_info=&#8220;{}&#8220;][et_pb_column type=&#8220;1_3&#8243; _builder_version=&#8220;4.16&#8243; _module_preset=&#8220;default&#8220; global_colors_info=&#8220;{}&#8220;][et_pb_blurb url=&#8220;https:\/\/youtu.be\/1m8s9qIh9Vw&#8220; url_new_window=&#8220;on&#8220; image=&#8220;https:\/\/riegger-krause.de\/wp-content\/uploads\/2022\/01\/WRK_Webinar_8.png&#8220; _builder_version=&#8220;4.16&#8243; _module_preset=&#8220;default&#8220; link_option_url=&#8220;https:\/\/youtu.be\/1m8s9qIh9Vw&#8220; link_option_url_new_window=&#8220;on&#8220; global_colors_info=&#8220;{}&#8220;]<\/p>\n<p>Ein besonderes Geschenk von Anke Oltmann ist dieses sch\u00f6ne Video \u00fcbers Finger halten, mit Mitwirkenden aus aller Welt<\/p>\n<p>[\/et_pb_blurb][\/et_pb_column][et_pb_column type=&#8220;1_3&#8243; _builder_version=&#8220;4.16&#8243; _module_preset=&#8220;default&#8220; global_colors_info=&#8220;{}&#8220;][et_pb_image src=&#8220;https:\/\/riegger-krause.de\/wp-content\/uploads\/2022\/01\/Staerkung-des-Immunsystems.jpg&#8220; title_text=&#8220;Staerkung-des-Immunsystems&#8220; _builder_version=&#8220;4.16&#8243; _module_preset=&#8220;default&#8220; global_colors_info=&#8220;{}&#8220;][\/et_pb_image][et_pb_text _builder_version=&#8220;4.16&#8243; _module_preset=&#8220;default&#8220; global_colors_info=&#8220;{}&#8220;]<\/p>\n<p>Diese Selbsthilfesequenz gab Jiro Murai f\u00fcr die St\u00e4rkung des Immunsystems an Mary Burmeister.<\/p>\n<p>[\/et_pb_text][\/et_pb_column][et_pb_column type=&#8220;1_3&#8243; _builder_version=&#8220;4.16&#8243; _module_preset=&#8220;default&#8220; global_colors_info=&#8220;{}&#8220;][et_pb_blurb url=&#8220;https:\/\/youtu.be\/mMWsFQAfjLM&#8220; url_new_window=&#8220;on&#8220; image=&#8220;https:\/\/riegger-krause.de\/wp-content\/uploads\/2022\/01\/WRK_Webinar_9.png&#8220; _builder_version=&#8220;4.16&#8243; _module_preset=&#8220;default&#8220; link_option_url=&#8220;https:\/\/youtu.be\/mMWsFQAfjLM&#8220; link_option_url_new_window=&#8220;on&#8220; global_colors_info=&#8220;{}&#8220;]<\/p>\n<p>Hier ein erkl\u00e4rendes Video dazu von Anita Willoughby.<\/p>\n<p>[\/et_pb_blurb][et_pb_text _builder_version=&#8220;4.16&#8243; _module_preset=&#8220;default&#8220; global_colors_info=&#8220;{}&#8220;]Es ist auf englisch. Die deutsche \u00dcbersetzung von Waltraud Riegger-Krause kannst du dir <a href=\"https:\/\/riegger-krause.de\/wp-content\/uploads\/2022\/01\/Anita-in-New-York-City.pdf\" target=\"_blank\" rel=\"noopener\">hier als PDF herunterladen<\/a>.[\/et_pb_text][\/et_pb_column][\/et_pb_row][\/et_pb_section]<\/p>\n","protected":false},"excerpt":{"rendered":"<p>Jin Shin JyutsuKostenlose Webinare zur Selbsthilfe und Meditation\u2013 am 23. Juli endete die 7. Runde unserer WE ARE ONE Webinare \u2013 Alle Webinare k\u00f6nnen auch nachtr\u00e4glich \u00fcber YouTube angeschaut werden. Im Folgenden sind meine Webinare in deutscher Sprache nach Terminen und Themen f\u00fcr dich aufgelistet.\u00a0Klicke einfach auf das gew\u00fcnschte Webinar, um zum jeweiligen Video (YouTube) [&hellip;]<\/p>\n","protected":false},"author":1,"featured_media":0,"parent":0,"menu_order":0,"comment_status":"closed","ping_status":"closed","template":"","meta":{"_et_pb_use_builder":"on","_et_pb_old_content":"","_et_gb_content_width":"","footnotes":""},"class_list":["post-252","page","type-page","status-publish","hentry"],"_links":{"self":[{"href":"https:\/\/riegger-krause.de\/en\/wp-json\/wp\/v2\/pages\/252","targetHints":{"allow":["GET"]}}],"collection":[{"href":"https:\/\/riegger-krause.de\/en\/wp-json\/wp\/v2\/pages"}],"about":[{"href":"https:\/\/riegger-krause.de\/en\/wp-json\/wp\/v2\/types\/page"}],"author":[{"embeddable":true,"href":"https:\/\/riegger-krause.de\/en\/wp-json\/wp\/v2\/users\/1"}],"replies":[{"embeddable":true,"href":"https:\/\/riegger-krause.de\/en\/wp-json\/wp\/v2\/comments?post=252"}],"version-history":[{"count":10,"href":"https:\/\/riegger-krause.de\/en\/wp-json\/wp\/v2\/pages\/252\/revisions"}],"predecessor-version":[{"id":847,"href":"https:\/\/riegger-krause.de\/en\/wp-json\/wp\/v2\/pages\/252\/revisions\/847"}],"wp:attachment":[{"href":"https:\/\/riegger-krause.de\/en\/wp-json\/wp\/v2\/media?parent=252"}],"curies":[{"name":"wp","href":"https:\/\/api.w.org\/{rel}","templated":true}]}}