{"id":30,"date":"2022-01-06T10:22:23","date_gmt":"2022-01-06T10:22:23","guid":{"rendered":"https:\/\/wordpress-1325496-4848002.cloudwaysapps.com\/?page_id=30"},"modified":"2025-03-18T14:48:22","modified_gmt":"2025-03-18T14:48:22","slug":"home","status":"publish","type":"page","link":"https:\/\/riegger-krause.de\/en\/","title":{"rendered":"Home"},"content":{"rendered":"<p>[et_pb_section fb_built=&#8220;1&#8243; _builder_version=&#8220;4.16&#8243; _module_preset=&#8220;default&#8220; background_image=&#8220;https:\/\/riegger-krause.de\/wp-content\/uploads\/2022\/01\/Startseite_1_Jin-Shin-Jyutsu-Allgaeu_Riegger-Krause_bg_1.png&#8220; parallax=&#8220;on&#8220; height=&#8220;100vh&#8220; custom_padding=&#8220;17vh||||false|false&#8220; global_colors_info=&#8220;{}&#8220;][et_pb_row _builder_version=&#8220;4.14.4&#8243; _dynamic_attributes=&#8220;link_option_url&#8220; _module_preset=&#8220;default&#8220; animation_style=&#8220;fade&#8220; animation_duration=&#8220;1700ms&#8220; link_option_url=&#8220;@ET-DC@eyJkeW5hbWljIjp0cnVlLCJjb250ZW50IjoicG9zdF9saW5rX3VybF9wYWdlIiwic2V0dGluZ3MiOnsicG9zdF9pZCI6IjMwIn19@&#8220; global_module=&#8220;433&#8243; saved_tabs=&#8220;all&#8220; global_colors_info=&#8220;{}&#8220;][et_pb_column type=&#8220;4_4&#8243; _builder_version=&#8220;4.16&#8243; _module_preset=&#8220;default&#8220; global_colors_info=&#8220;{}&#8220;][et_pb_image src=&#8220;https:\/\/riegger-krause.de\/wp-content\/uploads\/2022\/01\/logo_jsy_weiss.png&#8220; title_text=&#8220;logo_jsy_weiss&#8220; _builder_version=&#8220;4.16&#8243; _module_preset=&#8220;default&#8220; width=&#8220;15%&#8220; width_tablet=&#8220;25%&#8220; width_phone=&#8220;49%&#8220; width_last_edited=&#8220;on|phone&#8220; module_alignment=&#8220;center&#8220; custom_margin=&#8220;||2%||false|false&#8220; global_colors_info=&#8220;{}&#8220;][\/et_pb_image][et_pb_text _builder_version=&#8220;4.16&#8243; _module_preset=&#8220;default&#8220; header_3_text_align=&#8220;center&#8220; header_3_text_color=&#8220;#FFFFFF&#8220; header_3_font_size=&#8220;24px&#8220; custom_margin=&#8220;0px||||false|false&#8220; custom_padding=&#8220;0px||||false|false&#8220; global_colors_info=&#8220;{}&#8220;]<\/p>\n<h3>Jin Shin Jyutsu<\/h3>\n<p>[\/et_pb_text][\/et_pb_column][\/et_pb_row][\/et_pb_section][et_pb_section fb_built=&#8220;1&#8243; module_id=&#8220;Willkommen&#8220; _builder_version=&#8220;4.16&#8243; _module_preset=&#8220;default&#8220; global_colors_info=&#8220;{}&#8220;][et_pb_row column_structure=&#8220;1_3,2_3&#8243; use_custom_gutter=&#8220;on&#8220; gutter_width=&#8220;4&#8243; make_equal=&#8220;on&#8220; _builder_version=&#8220;4.16&#8243; _module_preset=&#8220;default&#8220; global_colors_info=&#8220;{}&#8220;][et_pb_column type=&#8220;1_3&#8243; _builder_version=&#8220;4.16&#8243; _module_preset=&#8220;default&#8220; background_image=&#8220;https:\/\/riegger-krause.de\/wp-content\/uploads\/2022\/01\/Kurse_oben_800x1250_Jin-Shin-Jyutsu-Allgaeu_Riegger-Krause-659&#215;1030-1.jpg&#8220; background_position=&#8220;top_center&#8220; global_colors_info=&#8220;{}&#8220;][et_pb_image src=&#8220;https:\/\/riegger-krause.de\/wp-content\/uploads\/2022\/01\/Kurse_oben_800x1250_Jin-Shin-Jyutsu-Allgaeu_Riegger-Krause-659&#215;1030-1.jpg&#8220; title_text=&#8220;Kurse_oben_800x1250_Jin-Shin-Jyutsu-Allgaeu_Riegger-Krause-659&#215;1030&#8243; disabled_on=&#8220;off|off|on&#8220; _builder_version=&#8220;4.16&#8243; _module_preset=&#8220;default&#8220; global_colors_info=&#8220;{}&#8220;][\/et_pb_image][\/et_pb_column][et_pb_column type=&#8220;2_3&#8243; _builder_version=&#8220;4.16&#8243; _module_preset=&#8220;default&#8220; custom_padding=&#8220;4%||4%||true|false&#8220; global_colors_info=&#8220;{}&#8220;][et_pb_text _builder_version=&#8220;4.16&#8243; _module_preset=&#8220;default&#8220; global_colors_info=&#8220;{}&#8220;]<\/p>\n<h3>Waltraud Riegger-Krause<\/h3>\n<h1>Jin Shin Jyutsu Allg\u00e4u<\/h1>\n<p>[\/et_pb_text][et_pb_text _builder_version=&#8220;4.16&#8243; _module_preset=&#8220;default&#8220; text_orientation=&#8220;justified&#8220; global_colors_info=&#8220;{}&#8220;]<\/p>\n<blockquote>\n<p>Jin Shin Jyutsu erweckt unser Bewusstsein f\u00fcr die einfache Tatsache, dass alles, was wir f\u00fcr Harmonie und Gleichgewicht mit dem Universum ben\u00f6tigen \u2013 sei es geistig, seelisch oder k\u00f6rperlich \u2013 in mir selbst liegt. Durch dieses Bewusstsein wird ein Gef\u00fchl des vollst\u00e4ndigen Friedens, der Gelassenheit, der Sicherheit und der inneren Einheit erweckt. Kein Mensch, keine Situation und kein Ding kann mir dies nehmen.<\/p>\n<p><em>Mary Burmeister<\/em><\/p>\n<\/blockquote>\n<p>Bei dieser Selbsthilfe- und Behandlungsmethode legen wir die H\u00e4nde auf sogenannte Energieschl\u00f6sser der Energiebahnen des K\u00f6rpers zur Harmonisierung der Lebensenergie.<\/p>\n<p>[\/et_pb_text][\/et_pb_column][\/et_pb_row][\/et_pb_section][et_pb_section fb_built=&#8220;1&#8243; _builder_version=&#8220;4.16&#8243; _module_preset=&#8220;default&#8220; background_color=&#8220;RGBA(255,255,255,0)&#8220; global_colors_info=&#8220;{}&#8220;][et_pb_row column_structure=&#8220;1_3,1_3,1_3&#8243; use_custom_gutter=&#8220;on&#8220; gutter_width=&#8220;4&#8243; _builder_version=&#8220;4.16&#8243; _module_preset=&#8220;default&#8220; background_color=&#8220;#FFE6E2&#8243; custom_margin=&#8220;||||false|false&#8220; custom_padding=&#8220;5%|3%|5%|3%|true|true&#8220; global_colors_info=&#8220;{}&#8220;][et_pb_column type=&#8220;1_3&#8243; _builder_version=&#8220;4.16&#8243; _module_preset=&#8220;default&#8220; global_colors_info=&#8220;{}&#8220;][et_pb_blurb title=&#8220;Kurse&#8220; url=&#8220;@ET-DC@eyJkeW5hbWljIjp0cnVlLCJjb250ZW50IjoicG9zdF9saW5rX3VybF9wYWdlIiwic2V0dGluZ3MiOnsicG9zdF9pZCI6IjExMyJ9fQ==@&#8220; use_icon=&#8220;on&#8220; font_icon=&#8220;&#xf4c2;||fa||900&#8243; image_icon_width=&#8220;23px&#8220; _builder_version=&#8220;4.16&#8243; _dynamic_attributes=&#8220;url,link_option_url&#8220; _module_preset=&#8220;default&#8220; header_text_align=&#8220;center&#8220; header_text_color=&#8220;#EA5436&#8243; body_text_align=&#8220;center&#8220; link_option_url=&#8220;@ET-DC@eyJkeW5hbWljIjp0cnVlLCJjb250ZW50IjoicG9zdF9saW5rX3VybF9wYWdlIiwic2V0dGluZ3MiOnsicG9zdF9pZCI6IjExMyJ9fQ==@&#8220; global_colors_info=&#8220;{}&#8220;]<\/p>\n<p>Hier finden Sie aktuelle Pr\u00e4senzkurse sowie Online Seminare.<\/p>\n<p>[\/et_pb_blurb][\/et_pb_column][et_pb_column type=&#8220;1_3&#8243; _builder_version=&#8220;4.16&#8243; _module_preset=&#8220;default&#8220; global_colors_info=&#8220;{}&#8220;][et_pb_blurb title=&#8220;\u00dcber Jin Shin Jyutsu&#8220; url=&#8220;@ET-DC@eyJkeW5hbWljIjp0cnVlLCJjb250ZW50IjoicG9zdF9saW5rX3VybF9wYWdlIiwic2V0dGluZ3MiOnsicG9zdF9pZCI6Ijc4In19@&#8220; use_icon=&#8220;on&#8220; font_icon=&#8220;&#xf4be;||fa||900&#8243; image_icon_width=&#8220;23px&#8220; _builder_version=&#8220;4.16&#8243; _dynamic_attributes=&#8220;url,link_option_url&#8220; _module_preset=&#8220;default&#8220; header_text_align=&#8220;center&#8220; header_text_color=&#8220;#EA5436&#8243; body_text_align=&#8220;center&#8220; link_option_url=&#8220;@ET-DC@eyJkeW5hbWljIjp0cnVlLCJjb250ZW50IjoicG9zdF9saW5rX3VybF9wYWdlIiwic2V0dGluZ3MiOnsicG9zdF9pZCI6Ijc4In19@&#8220; global_colors_info=&#8220;{}&#8220;]<\/p>\n<p>M\u00f6chten Sie mehr \u00fcber Jin Shin Jyutsu erfahren? Klicken Sie gerne hier.<\/p>\n<p>[\/et_pb_blurb][\/et_pb_column][et_pb_column type=&#8220;1_3&#8243; _builder_version=&#8220;4.16&#8243; _module_preset=&#8220;default&#8220; global_colors_info=&#8220;{}&#8220;][et_pb_blurb title=&#8220;Infothek&#8220; url=&#8220;@ET-DC@eyJkeW5hbWljIjp0cnVlLCJjb250ZW50IjoicG9zdF9saW5rX3VybF9wYWdlIiwic2V0dGluZ3MiOnsicG9zdF9pZCI6IjI5MSJ9fQ==@&#8220; use_icon=&#8220;on&#8220; font_icon=&#8220;&#xf518;||fa||900&#8243; image_icon_width=&#8220;23px&#8220; _builder_version=&#8220;4.16&#8243; _dynamic_attributes=&#8220;url&#8220; _module_preset=&#8220;default&#8220; header_text_align=&#8220;center&#8220; header_text_color=&#8220;#EA5436&#8243; body_text_align=&#8220;center&#8220; global_colors_info=&#8220;{}&#8220;]<\/p>\n<p>Hier finden Sie B\u00fccher, Informationen und Videos .<\/p>\n<p>[\/et_pb_blurb][\/et_pb_column][\/et_pb_row][\/et_pb_section][et_pb_section fb_built=&#8220;1&#8243; _builder_version=&#8220;4.16&#8243; _module_preset=&#8220;default&#8220; custom_padding=&#8220;29px|||||&#8220; global_colors_info=&#8220;{}&#8220;][et_pb_row _builder_version=&#8220;4.16&#8243; _module_preset=&#8220;default&#8220; global_colors_info=&#8220;{}&#8220;][et_pb_column type=&#8220;4_4&#8243; _builder_version=&#8220;4.16&#8243; _module_preset=&#8220;default&#8220; global_colors_info=&#8220;{}&#8220;][et_pb_text _builder_version=&#8220;4.16&#8243; _module_preset=&#8220;default&#8220; header_text_align=&#8220;center&#8220; header_3_text_align=&#8220;center&#8220; global_colors_info=&#8220;{}&#8220;]<\/p>\n<h3>Dein Einstieg zur<\/h3>\n<h1>Selbsthilfe<\/h1>\n<p>[\/et_pb_text][\/et_pb_column][\/et_pb_row][et_pb_row column_structure=&#8220;1_3,1_3,1_3&#8243; use_custom_gutter=&#8220;on&#8220; gutter_width=&#8220;4&#8243; _builder_version=&#8220;4.16&#8243; _module_preset=&#8220;default&#8220; global_colors_info=&#8220;{}&#8220;][et_pb_column type=&#8220;1_3&#8243; _builder_version=&#8220;4.16&#8243; _module_preset=&#8220;default&#8220; global_colors_info=&#8220;{}&#8220;][et_pb_blurb title=&#8220;Jin Shin Jyutsu in den Wechseljahren&#8220; image=&#8220;https:\/\/riegger-krause.de\/wp-content\/uploads\/2022\/01\/Biene-Blume-1030&#215;687-1.jpg&#8220; _builder_version=&#8220;4.16&#8243; _module_preset=&#8220;default&#8220; header_text_align=&#8220;center&#8220; header_text_color=&#8220;#EA5436&#8243; header_line_height=&#8220;1.2em&#8220; body_text_align=&#8220;justify&#8220; global_colors_info=&#8220;{}&#8220;]<\/p>\n<p>Online Kurs f\u00fcr Jin Shin Jyutsu zur Unterst\u00fctzung der Fruchtbarkeit und in den Wechseljahren.<\/p>\n<p>[\/et_pb_blurb][et_pb_button button_url=&#8220;@ET-DC@eyJkeW5hbWljIjp0cnVlLCJjb250ZW50IjoicG9zdF9saW5rX3VybF9wcm9qZWN0Iiwic2V0dGluZ3MiOnsicG9zdF9pZCI6IjIyOCJ9fQ==@&#8220; button_text=&#8220;Zum Kurs&#8220; button_alignment=&#8220;center&#8220; disabled_on=&#8220;off|off|on&#8220; _builder_version=&#8220;4.16&#8243; _dynamic_attributes=&#8220;button_url&#8220; _module_preset=&#8220;default&#8220; global_colors_info=&#8220;{}&#8220;][\/et_pb_button][\/et_pb_column][et_pb_column type=&#8220;1_3&#8243; _builder_version=&#8220;4.16&#8243; _module_preset=&#8220;default&#8220; global_colors_info=&#8220;{}&#8220;][et_pb_blurb title=&#8220;Kostenlose Webinare&#8220; image=&#8220;https:\/\/riegger-krause.de\/wp-content\/uploads\/2022\/01\/JSJ-Webinare-Blank.jpg&#8220; _builder_version=&#8220;4.16&#8243; _module_preset=&#8220;default&#8220; header_text_align=&#8220;center&#8220; header_text_color=&#8220;#EA5436&#8243; header_line_height=&#8220;1.2em&#8220; body_text_align=&#8220;justify&#8220; global_colors_info=&#8220;{}&#8220;]<\/p>\n<p>Jin Shin Jyutsu zur Selbsthilfe. Hier finden Sie kostenlose Webinare zum Einstieg in die Behandlung des eigenen K\u00f6rpers.\u00a0<\/p>\n<p>[\/et_pb_blurb][et_pb_button button_url=&#8220;@ET-DC@eyJkeW5hbWljIjp0cnVlLCJjb250ZW50IjoicG9zdF9saW5rX3VybF9wYWdlIiwic2V0dGluZ3MiOnsicG9zdF9pZCI6IjI1MiJ9fQ==@&#8220; button_text=&#8220;Zum Kurs&#8220; button_alignment=&#8220;center&#8220; disabled_on=&#8220;off|off|on&#8220; _builder_version=&#8220;4.16&#8243; _dynamic_attributes=&#8220;button_url&#8220; _module_preset=&#8220;default&#8220; global_colors_info=&#8220;{}&#8220;][\/et_pb_button][\/et_pb_column][et_pb_column type=&#8220;1_3&#8243; _builder_version=&#8220;4.16&#8243; _module_preset=&#8220;default&#8220; global_colors_info=&#8220;{}&#8220;][et_pb_blurb title=&#8220;Let&#8217;s start Selfhelp&#8220; image=&#8220;https:\/\/riegger-krause.de\/wp-content\/uploads\/2023\/01\/Cover-Waltraud-Kurs_7_ot.png&#8220; _builder_version=&#8220;4.16&#8243; _module_preset=&#8220;default&#8220; header_text_align=&#8220;center&#8220; header_text_color=&#8220;#EA5436&#8243; header_line_height=&#8220;1.2em&#8220; body_text_align=&#8220;justify&#8220; global_colors_info=&#8220;{}&#8220;]<\/p>\n<p>Hier finden Sie einen Onlinekurs, zur praktischen Einf\u00fchrung ins Jin Shin Jyutsu zur Selbsthilfe.<\/p>\n<p>[\/et_pb_blurb][et_pb_button button_url=&#8220;@ET-DC@eyJkeW5hbWljIjp0cnVlLCJjb250ZW50IjoicG9zdF9saW5rX3VybF9wcm9qZWN0Iiwic2V0dGluZ3MiOnsicG9zdF9pZCI6IjIxMSJ9fQ==@&#8220; button_text=&#8220;Zum Kurs&#8220; button_alignment=&#8220;center&#8220; disabled_on=&#8220;off|off|on&#8220; _builder_version=&#8220;4.16&#8243; _dynamic_attributes=&#8220;button_url&#8220; _module_preset=&#8220;default&#8220; global_colors_info=&#8220;{}&#8220;][\/et_pb_button][\/et_pb_column][\/et_pb_row][et_pb_row column_structure=&#8220;1_3,1_3,1_3&#8243; use_custom_gutter=&#8220;on&#8220; gutter_width=&#8220;4&#8243; _builder_version=&#8220;4.16&#8243; _module_preset=&#8220;default&#8220; custom_margin=&#8220;0px||||false|false&#8220; custom_padding=&#8220;0px||||false|false&#8220; global_colors_info=&#8220;{}&#8220;][et_pb_column type=&#8220;1_3&#8243; _builder_version=&#8220;4.16&#8243; _module_preset=&#8220;default&#8220; global_colors_info=&#8220;{}&#8220;][et_pb_button button_url=&#8220;@ET-DC@eyJkeW5hbWljIjp0cnVlLCJjb250ZW50IjoicG9zdF9saW5rX3VybF9wcm9qZWN0Iiwic2V0dGluZ3MiOnsicG9zdF9pZCI6IjIyOCJ9fQ==@&#8220; button_text=&#8220;Zum Kurs&#8220; button_alignment=&#8220;center&#8220; disabled_on=&#8220;on|on|off&#8220; _builder_version=&#8220;4.16&#8243; _dynamic_attributes=&#8220;button_url&#8220; _module_preset=&#8220;default&#8220; global_colors_info=&#8220;{}&#8220;][\/et_pb_button][\/et_pb_column][et_pb_column type=&#8220;1_3&#8243; _builder_version=&#8220;4.16&#8243; _module_preset=&#8220;default&#8220; global_colors_info=&#8220;{}&#8220;][et_pb_button button_url=&#8220;@ET-DC@eyJkeW5hbWljIjp0cnVlLCJjb250ZW50IjoicG9zdF9saW5rX3VybF9wYWdlIiwic2V0dGluZ3MiOnsicG9zdF9pZCI6IjI1MiJ9fQ==@&#8220; button_text=&#8220;Zum Kurs&#8220; button_alignment=&#8220;center&#8220; disabled_on=&#8220;on|on|off&#8220; _builder_version=&#8220;4.16&#8243; _dynamic_attributes=&#8220;button_url&#8220; _module_preset=&#8220;default&#8220; global_colors_info=&#8220;{}&#8220;][\/et_pb_button][\/et_pb_column][et_pb_column type=&#8220;1_3&#8243; _builder_version=&#8220;4.16&#8243; _module_preset=&#8220;default&#8220; global_colors_info=&#8220;{}&#8220;][et_pb_button button_url=&#8220;http:\/\/www.jin-shin-jyutsu-online-academy.com&#8220; button_text=&#8220;Zum Kurs&#8220; button_alignment=&#8220;center&#8220; disabled_on=&#8220;on|on|off&#8220; _builder_version=&#8220;4.27.4&#8243; _module_preset=&#8220;default&#8220; global_colors_info=&#8220;{}&#8220;][\/et_pb_button][\/et_pb_column][\/et_pb_row][\/et_pb_section][et_pb_section fb_built=&#8220;1&#8243; _builder_version=&#8220;4.22.1&#8243; _module_preset=&#8220;default&#8220; global_colors_info=&#8220;{}&#8220;][et_pb_row _builder_version=&#8220;4.16&#8243; _module_preset=&#8220;default&#8220; background_color=&#8220;#FFE6E2&#8243; custom_padding=&#8220;|2%||2%|false|true&#8220; hover_enabled=&#8220;0&#8243; global_colors_info=&#8220;{}&#8220; sticky_enabled=&#8220;0&#8243;][et_pb_column type=&#8220;4_4&#8243; _builder_version=&#8220;4.16&#8243; _module_preset=&#8220;default&#8220; background_color=&#8220;#FFE6E2&#8243; global_colors_info=&#8220;{}&#8220;][et_pb_text _builder_version=&#8220;4.16&#8243; _module_preset=&#8220;default&#8220; header_text_align=&#8220;center&#8220; header_3_text_align=&#8220;center&#8220; global_colors_info=&#8220;{}&#8220;]<\/p>\n<h3>Jin Shin Jyutsu<\/h3>\n<h1>aktuelle Online Kurse<\/h1>\n<p>[\/et_pb_text][et_pb_blog fullwidth=&#8220;off&#8220; post_type=&#8220;project&#8220; show_author=&#8220;off&#8220; show_date=&#8220;off&#8220; masonry_tile_background_color=&#8220;rgba(255,255,255,0.62)&#8220; _builder_version=&#8220;4.27.4&#8243; _module_preset=&#8220;default&#8220; hover_enabled=&#8220;0&#8243; border_color_all=&#8220;#FFFFFF&#8220; global_colors_info=&#8220;{}&#8220; sticky_enabled=&#8220;0&#8243;][\/et_pb_blog][\/et_pb_column][\/et_pb_row][\/et_pb_section][et_pb_section fb_built=&#8220;1&#8243; module_id=&#8220;Uebermich&#8220; _builder_version=&#8220;4.16&#8243; _module_preset=&#8220;default&#8220; global_colors_info=&#8220;{}&#8220;][et_pb_row column_structure=&#8220;1_3,2_3&#8243; use_custom_gutter=&#8220;on&#8220; gutter_width=&#8220;4&#8243; make_equal=&#8220;on&#8220; _builder_version=&#8220;4.22.1&#8243; _module_preset=&#8220;default&#8220; background_color=&#8220;#FFE6E2&#8243; background_enable_image=&#8220;off&#8220; custom_padding=&#8220;|2%||2%|false|true&#8220; global_colors_info=&#8220;{}&#8220;][et_pb_column type=&#8220;1_3&#8243; _builder_version=&#8220;4.16&#8243; _module_preset=&#8220;default&#8220; background_enable_image=&#8220;off&#8220; background_position=&#8220;top_center&#8220; global_colors_info=&#8220;{}&#8220;][et_pb_image src=&#8220;https:\/\/riegger-krause.de\/wp-content\/uploads\/2024\/03\/Portrait_Waltraud_1_sk.png&#8220; title_text=&#8220;Portrait_Waltraud_1_sk&#8220; _builder_version=&#8220;4.22.1&#8243; _module_preset=&#8220;default&#8220; custom_margin=&#8220;||||false|false&#8220; custom_padding=&#8220;11%||||false|false&#8220; global_colors_info=&#8220;{}&#8220;][\/et_pb_image][\/et_pb_column][et_pb_column type=&#8220;2_3&#8243; _builder_version=&#8220;4.16&#8243; _module_preset=&#8220;default&#8220; custom_padding=&#8220;1%||1%||true|false&#8220; custom_padding_tablet=&#8220;1%||1%||true|false&#8220; custom_padding_phone=&#8220;1%|3%|1%|3%|true|true&#8220; custom_padding_last_edited=&#8220;on|phone&#8220; global_colors_info=&#8220;{}&#8220;][et_pb_text _builder_version=&#8220;4.16&#8243; _module_preset=&#8220;default&#8220; custom_margin=&#8220;||16px|||&#8220; global_colors_info=&#8220;{}&#8220;]<\/p>\n<h3>Waltraud Riegger-Krause<\/h3>\n<h1>\u00dcber mich<\/h1>\n<p>[\/et_pb_text][et_pb_text _builder_version=&#8220;4.16&#8243; _module_preset=&#8220;default&#8220; text_orientation=&#8220;justified&#8220; global_colors_info=&#8220;{}&#8220;]<\/p>\n<p>Ich bin in Calw, im Nordschwarzwald aufgewachsen. Absolvierte Ausbildungen zur Technischen Zeichnerin, Sozialp\u00e4dagogin, Heilpraktikerin und Meditationslehrerin. W\u00e4hrend einer Auszeit in den USA 1985 und des Studiums fern\u00f6stlicher Modalit\u00e4ten zur Behandlung &amp; Harmonisierung des Menschen lernte ich Mary Burmeister kennen und besuchte meinen ersten Jin Shin Jyutsu 5 Tage Kurs bei ihr. Tief ber\u00fchrt von der Spiritualit\u00e4t und Achtsamkeit ihres Unterrichts und tief beeindruckt von dieser japanischen Lebens- und Heilkunst studierte ich diese Kunst mehrere Jahre lang, f\u00fcnf davon bei Mary Burmeister selbst.<\/p>\n<p>Schon bald begann ich Selbsthilfe \u2013 und Einf\u00fchrungskurse anzubieten, sowie Behandlungen in eigener Praxis zu geben. Es folgten Ausbildungen der Traditionellen Chinesischen Medizin, der Osteopathie und anderer Naturheilkundlicher Methoden.\u00a0Ein weiterer wichtiger Teil meines Lebens ist die Heartfulness Meditation, die ich ebenfalls 1985 zu studieren und zu lehren begann.<\/p>\n<p>Seit 1995 bin ich von Jin Shin Jyutsu Inc. autorisiert, weltweit Jin Shin Jyutsu Kurse zu unterrichten. Meine Erfahrungen ver\u00f6ffentlichte ich 2005 in meinem ersten Buch \u201eDie Kunst der Selbstheilung durch Auflegen der H\u00e4nde\u201c. Es folgten ein kleines Handbuch, ein Kartenset und eine CD.<\/p>\n<p>[\/et_pb_text][\/et_pb_column][\/et_pb_row][\/et_pb_section]<\/p>\n","protected":false},"excerpt":{"rendered":"<p>Jin Shin JyutsuWaltraud Riegger-Krause Jin Shin Jyutsu Allg\u00e4u Jin Shin Jyutsu erweckt unser Bewusstsein f\u00fcr die einfache Tatsache, dass alles, was wir f\u00fcr Harmonie und Gleichgewicht mit dem Universum ben\u00f6tigen \u2013 sei es geistig, seelisch oder k\u00f6rperlich \u2013 in mir selbst liegt. Durch dieses Bewusstsein wird ein Gef\u00fchl des vollst\u00e4ndigen Friedens, der Gelassenheit, der Sicherheit [&hellip;]<\/p>\n","protected":false},"author":1,"featured_media":0,"parent":0,"menu_order":0,"comment_status":"closed","ping_status":"closed","template":"","meta":{"_et_pb_use_builder":"on","_et_pb_old_content":"","_et_gb_content_width":"","footnotes":""},"class_list":["post-30","page","type-page","status-publish","hentry"],"_links":{"self":[{"href":"https:\/\/riegger-krause.de\/en\/wp-json\/wp\/v2\/pages\/30","targetHints":{"allow":["GET"]}}],"collection":[{"href":"https:\/\/riegger-krause.de\/en\/wp-json\/wp\/v2\/pages"}],"about":[{"href":"https:\/\/riegger-krause.de\/en\/wp-json\/wp\/v2\/types\/page"}],"author":[{"embeddable":true,"href":"https:\/\/riegger-krause.de\/en\/wp-json\/wp\/v2\/users\/1"}],"replies":[{"embeddable":true,"href":"https:\/\/riegger-krause.de\/en\/wp-json\/wp\/v2\/comments?post=30"}],"version-history":[{"count":10,"href":"https:\/\/riegger-krause.de\/en\/wp-json\/wp\/v2\/pages\/30\/revisions"}],"predecessor-version":[{"id":862,"href":"https:\/\/riegger-krause.de\/en\/wp-json\/wp\/v2\/pages\/30\/revisions\/862"}],"wp:attachment":[{"href":"https:\/\/riegger-krause.de\/en\/wp-json\/wp\/v2\/media?parent=30"}],"curies":[{"name":"wp","href":"https:\/\/api.w.org\/{rel}","templated":true}]}}