{"id":402,"date":"2022-03-03T20:33:54","date_gmt":"2022-03-03T20:33:54","guid":{"rendered":"https:\/\/wordpress-1325496-4848002.cloudwaysapps.com\/?page_id=402"},"modified":"2024-07-22T12:12:42","modified_gmt":"2024-07-22T12:12:42","slug":"impressum","status":"publish","type":"page","link":"https:\/\/riegger-krause.de\/en\/impressum\/","title":{"rendered":"Impressum"},"content":{"rendered":"<p>[et_pb_section fb_built=&#8220;1&#8243; admin_label=&#8220;section&#8220; _builder_version=&#8220;4.16&#8243; background_color=&#8220;#FFFFFF&#8220; custom_margin=&#8220;||||false|false&#8220; global_colors_info=&#8220;{}&#8220;][et_pb_row admin_label=&#8220;row&#8220; _builder_version=&#8220;4.16&#8243; background_size=&#8220;initial&#8220; background_position=&#8220;top_left&#8220; background_repeat=&#8220;repeat&#8220; global_colors_info=&#8220;{}&#8220;][et_pb_column type=&#8220;4_4&#8243; _builder_version=&#8220;4.16&#8243; custom_padding=&#8220;|||&#8220; global_colors_info=&#8220;{}&#8220; custom_padding__hover=&#8220;|||&#8220;][et_pb_text _builder_version=&#8220;4.16&#8243; global_colors_info=&#8220;{}&#8220;]<\/p>\n<h1>Impressum<\/h1>\n<p>[\/et_pb_text][\/et_pb_column][\/et_pb_row][et_pb_row column_structure=&#8220;1_4,3_4&#8243; admin_label=&#8220;row&#8220; _builder_version=&#8220;4.16&#8243; background_size=&#8220;initial&#8220; background_position=&#8220;top_left&#8220; background_repeat=&#8220;repeat&#8220; global_colors_info=&#8220;{}&#8220;][et_pb_column type=&#8220;1_4&#8243; _builder_version=&#8220;4.16&#8243; custom_padding=&#8220;|||&#8220; global_colors_info=&#8220;{}&#8220; custom_padding__hover=&#8220;|||&#8220;][et_pb_text _builder_version=&#8220;4.22.1&#8243; hover_enabled=&#8220;0&#8243; global_colors_info=&#8220;{}&#8220; sticky_enabled=&#8220;0&#8243;]<\/p>\n<p>Inhaberin der Webseite:<\/p>\n<p><strong>Waltraud Riegger-Krause<\/strong><br \/>Hans Guldin Str. 10<br \/>88316 Isny<\/p>\n<p><span>Telefon: 07562 905299<\/span><br \/><span>Telefax: 07562 905898<\/span><br \/><span>E-Mail: kontakt@riegger-krause.de<\/span><\/p>\n<p>Umsatzsteuer-Identifikationsnummer:<br \/>DE225817803<\/p>\n<p>Die Heilkundliche T\u00e4tigkeit ist gem\u00e4\u00df \u00a7 4 Nr.14 UStG von der Umsatzsteuer befreit.<\/p>\n<p>Gesetzliche Berufsbezeichnung<br \/>Heilpraktikerin (verliehen in der Bundesrepublik Deutschland)<\/p>\n<p>Aufsichtsbeh\u00f6rde:<br \/>Gesundheitsamt Ravensburg<br \/>Gartenstr. 107<br \/>88212 Ravensburg<\/p>\n<p>http:\/\/www.landkreis-ravensburg.de<\/p>\n<p>Berufsrechtliche Regelungen:<br \/>Gesetz \u00fcber die berufsm\u00e4\u00dfige Aus\u00fcbung der Heilkunde ohne \u00e4rztliche Bestallung (Heilpraktikergesetz) und Durchf\u00fchrungsverordnung:<br \/>Nachzulesen im Internet unter:<br \/>http:\/\/www.gesetze-im-internet.de\/heilprg\/index.html<br \/>und<br \/>http:\/\/www.gesetze-im-internet.de\/heilprgdv_1\/index.html<\/p>\n<p>Berufsordnung:<br \/>Nachzulesen im Internet unter<br \/>http:\/\/www.heilpraktiker.org\/die-berufsordnung-fuer-heilpraktiker<\/p>\n<p>Angaben zur Berufshaftpflichtversicherung<br \/>Name und Sitz des Versicherers:<\/p>\n<p>Die Continentale \u2013<br \/>Continentale Sachversicherung AG<br \/>Ruhrallee 92-94<br \/>44139 Dortmund<\/p>\n<p>Geltungsraum der Versicherung: Bundesrepublik Deutschland<\/p>\n<p>&nbsp;<\/p>\n<p>[\/et_pb_text][\/et_pb_column][et_pb_column type=&#8220;3_4&#8243; _builder_version=&#8220;4.16&#8243; custom_padding=&#8220;|||&#8220; global_colors_info=&#8220;{}&#8220; custom_padding__hover=&#8220;|||&#8220;][et_pb_text _builder_version=&#8220;4.16&#8243; global_colors_info=&#8220;{}&#8220;]<\/p>\n<h3>Streitschlichtung<\/h3>\n<p>Die EU Kommission stellt eine Plattform zur Online Streitbeilegung zur Verf\u00fcgung. Diese finden Sie unter folgendem Link: <a href=\"https:\/\/ec.europa.eu\/consumers\/odr\/main\">https:\/\/ec.europa.eu\/consumers\/odr\/main<br \/><\/a>Wir sind nicht bereit oder verpflichtet, an Streitbeilegungsverfahren einer Verbraucherschlichtungsstelle teilzunehmen.<\/p>\n<p>[\/et_pb_text][et_pb_text _builder_version=&#8220;4.16&#8243; global_colors_info=&#8220;{}&#8220;]<\/p>\n<h3>Haftungsausschluss<\/h3>\n<h5>Haftung f\u00fcr Inhalte<\/h5>\n<p>Trotz sorgf\u00e4ltiger Auswahl und Erstellung der Seiteninhalte k\u00f6nnen wir f\u00fcr die Vollst\u00e4ndigkeit, Richtigkeit und Aktualit\u00e4t der Inhalte keine Gew\u00e4hr \u00fcbernehmen. F\u00fcr allgemeine Inhalte sind wir gesetzlich verantwortlich.<\/p>\n<p>[\/et_pb_text][et_pb_text _builder_version=&#8220;4.16&#8243; global_colors_info=&#8220;{}&#8220;]<\/p>\n<h5>Links zu Externen Seiten<\/h5>\n<p>Diese Website enth\u00e4lt Links zu Webseiten, die nicht von uns betreut oder betrieben werden. Wenn Sie auf einen externen Link klicken, werden Sie direkt an die externe Website weitergeleitet. Die externen Seiten wurden zum Zeitpunkt Ihrer Aufnahme auf Ihre Richtigkeit gepr\u00fcft. Jedoch haben wir keinen Einfluss und \u00fcbernehmen keine Verantwortung f\u00fcr Inhalte, Datenschutz, Produkte, Services oder Angebote externer Seiten. Die Verantwortung f\u00fcr Inhalte dieser Seiten liegt beim jeweiligen Betreiber. Sollten uns Rechtsverletzungen durch diese externen Seiten bekannt werden, entfernen wir diese Links umgehend.<\/p>\n<p>[\/et_pb_text][et_pb_text _builder_version=&#8220;4.16&#8243; global_colors_info=&#8220;{}&#8220;]<\/p>\n<h5>Urheberrecht<\/h5>\n<p>Alle durch den Betreiber dieser Webseite erstellten Inhalte, Grafiken, Fotos und sonstige Werke unterliegen dem deutschen Urheberrecht. Verarbeitung, Vervielf\u00e4ltigung, Manipulation oder andersgeartete Verwendung und Verbreitung ist ausschlie\u00dflich nach schriftlicher Zustimmung des Verfassers oder Erstellers zul\u00e4ssig. Downloads \/ Kopien k\u00f6nnen f\u00fcr den privaten (nicht kommerziellen) Gebrauch erzeugt werden. Bei Nutzung von Inhalten auf dieser Seite, die nicht vom Betreiber selbst erzeugt wurden, beachten wir ebenfalls das Urheberrecht und besitzen eine Erlaubnis der Autoren. Sollten Sie dennoch auf eine Rechtsverletzung sto\u00dfen, bitten wir Sie um einen Hinweis auf diese. Betroffene Inhalte werden wir umgehend entfernen.<\/p>\n<p>[\/et_pb_text][et_pb_text _builder_version=&#8220;4.16&#8243; global_colors_info=&#8220;{}&#8220;]<\/p>\n<h3>Copyright<\/h3>\n<p>Das Copyright f\u00fcr s\u00e4mtliche Inhalte dieser Webseite liegt beim Betreiber.<br \/>Bildrechte: \u00a9 JSJ Inc.; \u00a9 S\u00fcdwest Verlag\/Dominik Parzinger; Monika Titelius; Kathrin Stengel.<br \/>Das Webdesign wurde durch TRION Media <a href=\"http:\/\/www.trionmedia.de\">www.trionmedia.de<\/a> realisiert.<\/p>\n<p>Die verwendeten Schriftarten &#8222;Hind Guntur Medium&#8220; (Copyright (c) 2015 Indian Type Foundry (info@indiantypefoundry.com) sowie &#8222;Mr. Dafoe Regular&#8220; (Copyright (c) 2011 Alejandro Paul (sudtipos@sudtipos.com),<br \/>with Reserved Font Name &#8222;Mr Dafoe&#8220;) wurden durch Google Web Fonts zur Verf\u00fcgung gestellt und unterliegen beide der SIL Open Font License Version 1.1 vom 26. Februar 2007.<\/p>\n<p>&nbsp;<\/p>\n<p>[\/et_pb_text][et_pb_text _builder_version=&#8220;4.16&#8243; global_colors_info=&#8220;{}&#8220;]<\/p>\n<h3>\u00c4nderungen<\/h3>\n<p>Wir behalten uns das Recht vor, \u00c4nderungen der Inhalte und Informationen ohne Vorank\u00fcndigung jederzeit durchzuf\u00fchren.<\/p>\n<p>[\/et_pb_text][\/et_pb_column][\/et_pb_row][\/et_pb_section]<\/p>\n","protected":false},"excerpt":{"rendered":"<p>ImpressumInhaberin der Webseite: Waltraud Riegger-KrauseHans Guldin Str. 1088316 Isny Telefon: 07562 905299Telefax: 07562 905898E-Mail: kontakt@riegger-krause.de Umsatzsteuer-Identifikationsnummer:DE225817803 Die Heilkundliche T\u00e4tigkeit ist gem\u00e4\u00df \u00a7 4 Nr.14 UStG von der Umsatzsteuer befreit. Gesetzliche BerufsbezeichnungHeilpraktikerin (verliehen in der Bundesrepublik Deutschland) Aufsichtsbeh\u00f6rde:Gesundheitsamt RavensburgGartenstr. 10788212 Ravensburg http:\/\/www.landkreis-ravensburg.de Berufsrechtliche Regelungen:Gesetz \u00fcber die berufsm\u00e4\u00dfige Aus\u00fcbung der Heilkunde ohne \u00e4rztliche Bestallung (Heilpraktikergesetz) und Durchf\u00fchrungsverordnung:Nachzulesen [&hellip;]<\/p>\n","protected":false},"author":1,"featured_media":0,"parent":0,"menu_order":0,"comment_status":"closed","ping_status":"closed","template":"","meta":{"_et_pb_use_builder":"on","_et_pb_old_content":"","_et_gb_content_width":"","footnotes":""},"class_list":["post-402","page","type-page","status-publish","hentry"],"_links":{"self":[{"href":"https:\/\/riegger-krause.de\/en\/wp-json\/wp\/v2\/pages\/402","targetHints":{"allow":["GET"]}}],"collection":[{"href":"https:\/\/riegger-krause.de\/en\/wp-json\/wp\/v2\/pages"}],"about":[{"href":"https:\/\/riegger-krause.de\/en\/wp-json\/wp\/v2\/types\/page"}],"author":[{"embeddable":true,"href":"https:\/\/riegger-krause.de\/en\/wp-json\/wp\/v2\/users\/1"}],"replies":[{"embeddable":true,"href":"https:\/\/riegger-krause.de\/en\/wp-json\/wp\/v2\/comments?post=402"}],"version-history":[{"count":9,"href":"https:\/\/riegger-krause.de\/en\/wp-json\/wp\/v2\/pages\/402\/revisions"}],"predecessor-version":[{"id":802,"href":"https:\/\/riegger-krause.de\/en\/wp-json\/wp\/v2\/pages\/402\/revisions\/802"}],"wp:attachment":[{"href":"https:\/\/riegger-krause.de\/en\/wp-json\/wp\/v2\/media?parent=402"}],"curies":[{"name":"wp","href":"https:\/\/api.w.org\/{rel}","templated":true}]}}