{"id":78,"date":"2022-01-06T14:43:37","date_gmt":"2022-01-06T14:43:37","guid":{"rendered":"https:\/\/wordpress-1325496-4848002.cloudwaysapps.com\/?page_id=78"},"modified":"2024-05-28T20:04:16","modified_gmt":"2024-05-28T20:04:16","slug":"home-2","status":"publish","type":"page","link":"https:\/\/riegger-krause.de\/en\/home-2\/","title":{"rendered":"Jin Shin Jyutsu"},"content":{"rendered":"<p>[et_pb_section fb_built=&#8220;1&#8243; _builder_version=&#8220;4.22.1&#8243; _module_preset=&#8220;default&#8220; background_image=&#8220;https:\/\/riegger-krause.de\/wp-content\/uploads\/2024\/05\/Startseite_3_Jin-Shin-Jyutsu-Allgaeu_Riegger-Krause_bg_3.png&#8220; parallax=&#8220;on&#8220; height=&#8220;100vh&#8220; custom_padding=&#8220;17vh||||false|false&#8220; hover_enabled=&#8220;0&#8243; global_colors_info=&#8220;{}&#8220; title_text=&#8220;Startseite_3_Jin-Shin-Jyutsu-Allgaeu_Riegger-Krause_bg_3&#8243; sticky_enabled=&#8220;0&#8243;][et_pb_row _builder_version=&#8220;4.14.4&#8243; _dynamic_attributes=&#8220;link_option_url&#8220; _module_preset=&#8220;default&#8220; animation_style=&#8220;fade&#8220; animation_duration=&#8220;1700ms&#8220; link_option_url=&#8220;@ET-DC@eyJkeW5hbWljIjp0cnVlLCJjb250ZW50IjoicG9zdF9saW5rX3VybF9wYWdlIiwic2V0dGluZ3MiOnsicG9zdF9pZCI6IjMwIn19@&#8220; global_module=&#8220;433&#8243; saved_tabs=&#8220;all&#8220; global_colors_info=&#8220;{}&#8220;][et_pb_column type=&#8220;4_4&#8243; _builder_version=&#8220;4.16&#8243; _module_preset=&#8220;default&#8220; global_colors_info=&#8220;{}&#8220;][et_pb_image src=&#8220;https:\/\/riegger-krause.de\/wp-content\/uploads\/2022\/01\/logo_jsy_weiss.png&#8220; title_text=&#8220;logo_jsy_weiss&#8220; _builder_version=&#8220;4.16&#8243; _module_preset=&#8220;default&#8220; width=&#8220;15%&#8220; width_tablet=&#8220;25%&#8220; width_phone=&#8220;49%&#8220; width_last_edited=&#8220;on|phone&#8220; module_alignment=&#8220;center&#8220; custom_margin=&#8220;||2%||false|false&#8220; global_colors_info=&#8220;{}&#8220;][\/et_pb_image][et_pb_text _builder_version=&#8220;4.16&#8243; _module_preset=&#8220;default&#8220; header_3_text_align=&#8220;center&#8220; header_3_text_color=&#8220;#FFFFFF&#8220; header_3_font_size=&#8220;24px&#8220; custom_margin=&#8220;0px||||false|false&#8220; custom_padding=&#8220;0px||||false|false&#8220; global_colors_info=&#8220;{}&#8220;]<\/p>\n<h3>Jin Shin Jyutsu<\/h3>\n<p>[\/et_pb_text][\/et_pb_column][\/et_pb_row][\/et_pb_section][et_pb_section fb_built=&#8220;1&#8243; module_id=&#8220;Harmonie&#8220; _builder_version=&#8220;4.16&#8243; _module_preset=&#8220;default&#8220; global_colors_info=&#8220;{}&#8220;][et_pb_row column_structure=&#8220;1_3,2_3&#8243; use_custom_gutter=&#8220;on&#8220; gutter_width=&#8220;4&#8243; make_equal=&#8220;on&#8220; _builder_version=&#8220;4.16&#8243; _module_preset=&#8220;default&#8220; global_colors_info=&#8220;{}&#8220;][et_pb_column type=&#8220;1_3&#8243; _builder_version=&#8220;4.16&#8243; _module_preset=&#8220;default&#8220; background_image=&#8220;https:\/\/riegger-krause.de\/wp-content\/uploads\/2022\/01\/JSJ_oben_800x1250_Jin-Shin-Jyutsu-Allgaeu_Riegger-659&#215;1030-1.jpg&#8220; background_position=&#8220;top_center&#8220; global_colors_info=&#8220;{}&#8220;][et_pb_image src=&#8220;https:\/\/riegger-krause.de\/wp-content\/uploads\/2022\/01\/JSJ_oben_800x1250_Jin-Shin-Jyutsu-Allgaeu_Riegger-659&#215;1030-1.jpg&#8220; title_text=&#8220;JSJ_oben_800x1250_Jin-Shin-Jyutsu-Allgaeu_Riegger&#8211;659&#215;1030&#8243; disabled_on=&#8220;off|off|on&#8220; _builder_version=&#8220;4.16&#8243; _module_preset=&#8220;default&#8220; global_colors_info=&#8220;{}&#8220;][\/et_pb_image][\/et_pb_column][et_pb_column type=&#8220;2_3&#8243; _builder_version=&#8220;4.16&#8243; _module_preset=&#8220;default&#8220; custom_padding=&#8220;4%||4%||true|false&#8220; global_colors_info=&#8220;{}&#8220;][et_pb_text _builder_version=&#8220;4.16&#8243; _module_preset=&#8220;default&#8220; global_colors_info=&#8220;{}&#8220;]<\/p>\n<h3>Jin Shin Jyutsu<\/h3>\n<h1>als Tor zur Harmonie<\/h1>\n<p>[\/et_pb_text][et_pb_text _builder_version=&#8220;4.16&#8243; _module_preset=&#8220;default&#8220; text_orientation=&#8220;justified&#8220; global_colors_info=&#8220;{}&#8220;]<\/p>\n<p>Wie wir sehen werden, kann Jin Shin Jyutsu unser Bewusstsein erweitern und Freude und Vitalit\u00e4t in unser Leben bringen. Es bringt Harmonie in K\u00f6rper, Geist und Seele zur\u00fcck. Ebenso offenbart es einen Weg \u201emich selbst kennen zu lernen, mir selbst helfen zu lernen\u201c, wie Mary es in ihren eigenen Worten ausdr\u00fcckt.<\/p>\n<blockquote>\n<p>Durch das Anwenden einfacher Selbsthilfe-Sequenzen erleben wir das Loslassen von Einstellungen, wie Sorgen, und das Wegschmelzen von \u00c4ngsten. Sie begrenzen unsere Wahrnehmung und lassen viel Stress in unserem t\u00e4glichen Leben entstehen.<\/p>\n<\/blockquote>\n<p>Auch wenn das Wissen des Jin Shin Jyutsu umfangreich ist, l\u00e4sst es sich doch bemerkenswert einfach und leicht anwenden.<\/p>\n<p>[\/et_pb_text][\/et_pb_column][\/et_pb_row][et_pb_row _builder_version=&#8220;4.16&#8243; _module_preset=&#8220;default&#8220; global_colors_info=&#8220;{}&#8220;][et_pb_column type=&#8220;4_4&#8243; _builder_version=&#8220;4.16&#8243; _module_preset=&#8220;default&#8220; global_colors_info=&#8220;{}&#8220;][et_pb_image src=&#8220;https:\/\/riegger-krause.de\/wp-content\/uploads\/2022\/01\/JSJ_8_800x468px-transparent_Jin-Shin-Jyutsu-Allgaeu_Riegger-Krause.png&#8220; title_text=&#8220;JSJ_8_800x468px-transparent_Jin-Shin-Jyutsu-Allgaeu_Riegger-Krause&#8220; align=&#8220;center&#8220; _builder_version=&#8220;4.16&#8243; _module_preset=&#8220;default&#8220; global_colors_info=&#8220;{}&#8220;][\/et_pb_image][\/et_pb_column][\/et_pb_row][\/et_pb_section][et_pb_section fb_built=&#8220;1&#8243; _builder_version=&#8220;4.16&#8243; _module_preset=&#8220;default&#8220; background_color=&#8220;#FFE6E2&#8243; global_colors_info=&#8220;{}&#8220;][et_pb_row _builder_version=&#8220;4.16&#8243; _module_preset=&#8220;default&#8220; global_colors_info=&#8220;{}&#8220;][et_pb_column type=&#8220;4_4&#8243; _builder_version=&#8220;4.16&#8243; _module_preset=&#8220;default&#8220; global_colors_info=&#8220;{}&#8220;][et_pb_text _builder_version=&#8220;4.16&#8243; _module_preset=&#8220;default&#8220; header_text_align=&#8220;center&#8220; header_3_text_align=&#8220;center&#8220; global_colors_info=&#8220;{}&#8220;]<\/p>\n<h3>Wie Jin Shin Jyutsu<\/h3>\n<h1>in den Westen kam<\/h1>\n<p>[\/et_pb_text][\/et_pb_column][\/et_pb_row][et_pb_row column_structure=&#8220;1_3,1_3,1_3&#8243; _builder_version=&#8220;4.16&#8243; _module_preset=&#8220;default&#8220; global_colors_info=&#8220;{}&#8220;][et_pb_column type=&#8220;1_3&#8243; _builder_version=&#8220;4.16&#8243; _module_preset=&#8220;default&#8220; global_colors_info=&#8220;{}&#8220;][et_pb_image src=&#8220;https:\/\/riegger-krause.de\/wp-content\/uploads\/2022\/01\/JSJ_2_800x920px_Jin-Shin-Jyutsu-Allgaeu_Riegger-Kr.jpg&#8220; title_text=&#8220;JSJ_2_800x920px_Jin-Shin-Jyutsu-Allgaeu_Riegger-Kr&#8220; align=&#8220;center&#8220; _builder_version=&#8220;4.16&#8243; _module_preset=&#8220;default&#8220; global_colors_info=&#8220;{}&#8220;][\/et_pb_image][et_pb_text _builder_version=&#8220;4.16&#8243; _module_preset=&#8220;default&#8220; header_5_text_align=&#8220;center&#8220; global_colors_info=&#8220;{}&#8220;]<\/p>\n<h5>Jiro Murai<\/h5>\n<p>[\/et_pb_text][\/et_pb_column][et_pb_column type=&#8220;1_3&#8243; _builder_version=&#8220;4.16&#8243; _module_preset=&#8220;default&#8220; global_colors_info=&#8220;{}&#8220;][et_pb_text _builder_version=&#8220;4.16&#8243; _module_preset=&#8220;default&#8220; text_orientation=&#8220;justified&#8220; global_colors_info=&#8220;{}&#8220;]<\/p>\n<p>Ende der f\u00fcnfziger Jahre des letzten Jahrhunderts fand Jin Shin Jyutsu\u00ae seinen Weg in den Westen. Der Same f\u00fcr dieses gl\u00fcckliche Jubil\u00e4um wurde in Japan ges\u00e4t, als Meister Jiro Murai einer jungen Frau mit dem damaligen Namen Mary Mariko Iino, eine Frage stellte, die ihr Leben ver\u00e4nderte. Bei ihrer ersten Begegnung begr\u00fc\u00dfte Meister Murai Mary (heute Mary Burmeister) mit den einfachen Worten:<\/p>\n<blockquote>\n<p>\u201eM\u00f6chtest du meine Sch\u00fclerin werden und ein Geschenk nach Amerika bringen?\u201c F\u00fcr die unz\u00e4hligen Jin Shin Jyutsu Sch\u00fcler w\u00e4re es unvorstellbar, h\u00e4tte Mary diese Frage nicht mit einem klaren \u201eja\u201c beantwortet.<\/p>\n<\/blockquote>\n<p>[\/et_pb_text][\/et_pb_column][et_pb_column type=&#8220;1_3&#8243; _builder_version=&#8220;4.16&#8243; _module_preset=&#8220;default&#8220; global_colors_info=&#8220;{}&#8220;][et_pb_image src=&#8220;https:\/\/riegger-krause.de\/wp-content\/uploads\/2024\/05\/Mary_Burmeister.png&#8220; title_text=&#8220;Mary_Burmeister&#8220; align=&#8220;center&#8220; _builder_version=&#8220;4.22.1&#8243; _module_preset=&#8220;default&#8220; hover_enabled=&#8220;0&#8243; global_colors_info=&#8220;{}&#8220; sticky_enabled=&#8220;0&#8243;][\/et_pb_image][et_pb_text _builder_version=&#8220;4.16&#8243; _module_preset=&#8220;default&#8220; header_5_text_align=&#8220;center&#8220; global_colors_info=&#8220;{}&#8220;]<\/p>\n<h5>Mary Burmeister<\/h5>\n<p>[\/et_pb_text][\/et_pb_column][\/et_pb_row][\/et_pb_section][et_pb_section fb_built=&#8220;1&#8243; _builder_version=&#8220;4.16&#8243; _module_preset=&#8220;default&#8220; global_colors_info=&#8220;{}&#8220;][et_pb_row column_structure=&#8220;1_3,2_3&#8243; use_custom_gutter=&#8220;on&#8220; gutter_width=&#8220;4&#8243; make_equal=&#8220;on&#8220; _builder_version=&#8220;4.16&#8243; _module_preset=&#8220;default&#8220; global_colors_info=&#8220;{}&#8220;][et_pb_column type=&#8220;1_3&#8243; _builder_version=&#8220;4.16&#8243; _module_preset=&#8220;default&#8220; background_image=&#8220;https:\/\/riegger-krause.de\/wp-content\/uploads\/2022\/01\/Kurse_oben_800x1250_Jin-Shin-Jyutsu-Allgaeu_Riegger-Krause-659&#215;1030-1.jpg&#8220; background_position=&#8220;top_center&#8220; global_colors_info=&#8220;{}&#8220;][et_pb_image src=&#8220;https:\/\/riegger-krause.de\/wp-content\/uploads\/2022\/01\/Kurse_oben_800x1250_Jin-Shin-Jyutsu-Allgaeu_Riegger-Krause-659&#215;1030-1.jpg&#8220; title_text=&#8220;Kurse_oben_800x1250_Jin-Shin-Jyutsu-Allgaeu_Riegger-Krause-659&#215;1030&#8243; disabled_on=&#8220;off|off|on&#8220; _builder_version=&#8220;4.16&#8243; _module_preset=&#8220;default&#8220; global_colors_info=&#8220;{}&#8220;][\/et_pb_image][\/et_pb_column][et_pb_column type=&#8220;2_3&#8243; _builder_version=&#8220;4.16&#8243; _module_preset=&#8220;default&#8220; custom_padding=&#8220;4%||4%||true|false&#8220; global_colors_info=&#8220;{}&#8220;][et_pb_text _builder_version=&#8220;4.16&#8243; _module_preset=&#8220;default&#8220; global_colors_info=&#8220;{}&#8220;]<\/p>\n<h3>Atem, Finger und Str\u00f6me<\/h3>\n<h1>Der Atem heilt<\/h1>\n<p>[\/et_pb_text][et_pb_text _builder_version=&#8220;4.16&#8243; _module_preset=&#8220;default&#8220; text_orientation=&#8220;justified&#8220; global_colors_info=&#8220;{}&#8220;]<\/p>\n<p>Mary sagte einmal: \u00bbDer Atem ist der letztendliche Heiler.\u00ab Wenn uns also keine andere M\u00f6glichkeit zur Selbsthilfe einf\u00e4llt, k\u00f6nnen wir ganz einfach bewusst atmen.<\/p>\n<p>Dies kommt besonders sch\u00f6n in folgender Geschichte zum Ausdruck, die eine Kursteilnehmerin mir einmal erz\u00e4hlte. Am zweiten Kurstag ging der Unterricht etwas l\u00e4nger als angek\u00fcndigt. Als sie nach dem Unterricht mit ihrem Mann telefonierte, um ihm zu sagen, dass sie etwas sp\u00e4ter nach Hause kommen werde, schrie dieser wutentbrannt ins Telefon, wie sie sich das vorstelle, ihn noch l\u00e4nger mit den drei Kindern allein zu lassen. Der ganze Tag mit ihnen sei schon anstrengend genug.<\/p>\n<p>Als sie schlie\u00dflich im Auto sa\u00df, um die 45 Minuten nach Hause zu fahren, erinnerte sie sich an meine Worte und begann, bewusst zu atmen. Im Ausatmen konnte sie das Telefongespr\u00e4ch nach und nach loslassen, und im Einatmen nahm sie einfach den Moment wahr. Schon nach kurzer Zeit sp\u00fcrte sie, wie sie ruhiger wurde. Als sie dann zu Hause ankam, beg\u00fc\u00dfte sie ihr Mann mit einer unerwarteten Freundlichkeit, als ob nichts gewesen w\u00e4re. Er hatte sogar schon das Essen vorbereitet.<\/p>\n<p>Sie hatte also nicht nur sich selbst harmonisiert, sondern gleichzeitig die ganze Familie. Indem sie sich nicht weiter mit der Disharmonie besch\u00e4ftigte, sondern ihr Bewusstsein auf die Harmonie des Atems lenkte, gelang es ihr, sich selbst und ihr engstes Umfeld zu ver\u00e4ndern. Wenn wir uns selbst str\u00f6men, helfen wir immer auch gleichzeitig den Menschen, mit denen wir verbunden sind.<\/p>\n<p>[\/et_pb_text][\/et_pb_column][\/et_pb_row][\/et_pb_section][et_pb_section fb_built=&#8220;1&#8243; _builder_version=&#8220;4.16&#8243; _module_preset=&#8220;default&#8220; global_colors_info=&#8220;{}&#8220;][et_pb_row column_structure=&#8220;1_2,1_2&#8243; use_custom_gutter=&#8220;on&#8220; gutter_width=&#8220;4&#8243; make_equal=&#8220;on&#8220; _builder_version=&#8220;4.16&#8243; _module_preset=&#8220;default&#8220; background_color=&#8220;#FFE6E2&#8243; custom_padding=&#8220;2%|5%|2%|5%|true|false&#8220; global_colors_info=&#8220;{}&#8220;][et_pb_column type=&#8220;1_2&#8243; _builder_version=&#8220;4.16&#8243; _module_preset=&#8220;default&#8220; background_image=&#8220;https:\/\/riegger-krause.de\/wp-content\/uploads\/2022\/01\/JSJ_5_800x1150px_Jin-Shin-Jyutsu-Allgaeu_Riegger-K.jpg&#8220; background_position=&#8220;top_center&#8220; custom_padding_tablet=&#8220;4%||||false|false&#8220; custom_padding_phone=&#8220;4%||||false|false&#8220; custom_padding_last_edited=&#8220;on|desktop&#8220; background_last_edited=&#8220;on|tablet&#8220; background_enable_image_tablet=&#8220;off&#8220; global_colors_info=&#8220;{}&#8220;][et_pb_image src=&#8220;https:\/\/riegger-krause.de\/wp-content\/uploads\/2022\/01\/JSJ_5_800x1150px_Jin-Shin-Jyutsu-Allgaeu_Riegger-K.jpg&#8220; title_text=&#8220;JSJ_5_800x1150px_Jin-Shin-Jyutsu-Allgaeu_Riegger-K&#8220; disabled_on=&#8220;off|off|on&#8220; _builder_version=&#8220;4.16&#8243; _module_preset=&#8220;default&#8220; global_colors_info=&#8220;{}&#8220;][\/et_pb_image][\/et_pb_column][et_pb_column type=&#8220;1_2&#8243; _builder_version=&#8220;4.16&#8243; _module_preset=&#8220;default&#8220; custom_padding=&#8220;9%||9%||true|false&#8220; global_colors_info=&#8220;{}&#8220;][et_pb_text _builder_version=&#8220;4.16&#8243; _module_preset=&#8220;default&#8220; header_3_line_height=&#8220;1.4em&#8220; global_colors_info=&#8220;{}&#8220;]<\/p>\n<h3>\u201eEgal wer du bist<\/h3>\n<h3>und welche F\u00e4higkeiten\u00a0 du besitzt:<\/h3>\n<h3>Erinnere dich,<\/h3>\n<h3>dass Gott die Quelle ist<\/h3>\n<h3>und die Flut der Kraft,<\/h3>\n<h3>die durch alle deine Kan\u00e4le flie\u00dft.\u201c<\/h3>\n<p>&nbsp;<\/p>\n<h3>Mary zitiert Yogananda<\/h3>\n<p>[\/et_pb_text][\/et_pb_column][\/et_pb_row][\/et_pb_section][et_pb_section fb_built=&#8220;1&#8243; _builder_version=&#8220;4.16&#8243; _module_preset=&#8220;default&#8220; global_colors_info=&#8220;{}&#8220;][et_pb_row column_structure=&#8220;1_2,1_2&#8243; use_custom_gutter=&#8220;on&#8220; gutter_width=&#8220;4&#8243; make_equal=&#8220;on&#8220; _builder_version=&#8220;4.16&#8243; _module_preset=&#8220;default&#8220; global_colors_info=&#8220;{}&#8220;][et_pb_column type=&#8220;1_2&#8243; _builder_version=&#8220;4.16&#8243; _module_preset=&#8220;default&#8220; custom_padding=&#8220;||||true|false&#8220; global_colors_info=&#8220;{}&#8220;][et_pb_text _builder_version=&#8220;4.16&#8243; _module_preset=&#8220;default&#8220; global_colors_info=&#8220;{}&#8220;]<\/p>\n<h3>Atem, Finger und Str\u00f6me<\/h3>\n<h1>Alles ist in den Fingern<\/h1>\n<p>[\/et_pb_text][et_pb_text _builder_version=&#8220;4.16&#8243; _module_preset=&#8220;default&#8220; text_orientation=&#8220;justified&#8220; global_colors_info=&#8220;{}&#8220;]<\/p>\n<p>Eine Frau wollte mit ein paar Freunden auf eine gro\u00dfe Reise gehen und bat eine Jin Shin Jyutsu Praktikerin ihr ein paar Selbsthilfegriffe mit auf den Weg zu geben, falls sie in eine schwierige Situation k\u00e4me. Die Praktikerin zeichnete eine Hand auf ein Blatt Papier und ordnete den einzelnen Fingern bestimmte Organe, Emotionen oder Beschwerden zu. Die Frau steckte das Blatt ein und machte sich mit ihrer Gruppe auf den Weg.<\/p>\n<p>Einmal waren sie den ganzen Tag zu Fu\u00df unterwegs und nachdem sie abends in einer Herberge angekommen waren, bekam sie pl\u00f6tzlich starke Schmerzen in der Nierengegend. Nach kurzer Zeit erinnerte sie sich an das Blatt mit der Hand und kramte es gleich hervor. Dort stand, dass man f\u00fcr alles, was mit den Nieren zu tun hat, einfach den Zeigefinger halten brauche. Sie war zwar etwas skeptisch, ob das einfache Halten des Zeigefingers ihren starken Schmerzen wohl helfen k\u00f6nne. Da sie aber keine andere M\u00f6glichkeit zur Hand hatte, versuchte sie es. Nach 20 Minuten begannen die Schmerzen pl\u00f6tzlich etwas leichter zu werden und nach weiteren ca. 10 Minuten waren sie vollkommen verschwunden. Sie konnte es kaum glauben. Hatte das was geschehen ist mit dem einfachen Halten des Zeigefingers zu tun? Was sie aber noch mehr ins Staunen brachte war die Tatsache, dass sie auf einmal ganz klar wusste, was die Ursache ihrer Beschwerden war. Sie hatte den ganzen Tag \u00fcber viel zu wenig getrunken.<\/p>\n<p>[\/et_pb_text][\/et_pb_column][et_pb_column type=&#8220;1_2&#8243; _builder_version=&#8220;4.16&#8243; _module_preset=&#8220;default&#8220; background_enable_image=&#8220;off&#8220; background_position=&#8220;top_center&#8220; global_colors_info=&#8220;{}&#8220;][et_pb_image src=&#8220;https:\/\/riegger-krause.de\/wp-content\/uploads\/2022\/01\/JSJ_7_DE_800x1150px-717&#215;1030-1.png&#8220; title_text=&#8220;JSJ_7_DE_800x1150px-717&#215;1030&#8243; _builder_version=&#8220;4.16&#8243; _module_preset=&#8220;default&#8220; global_colors_info=&#8220;{}&#8220;][\/et_pb_image][\/et_pb_column][\/et_pb_row][\/et_pb_section][et_pb_section fb_built=&#8220;1&#8243; _builder_version=&#8220;4.16&#8243; _module_preset=&#8220;default&#8220; global_colors_info=&#8220;{}&#8220;][et_pb_row column_structure=&#8220;1_2,1_2&#8243; use_custom_gutter=&#8220;on&#8220; gutter_width=&#8220;4&#8243; make_equal=&#8220;on&#8220; _builder_version=&#8220;4.16&#8243; _module_preset=&#8220;default&#8220; global_colors_info=&#8220;{}&#8220;][et_pb_column type=&#8220;1_2&#8243; _builder_version=&#8220;4.16&#8243; _module_preset=&#8220;default&#8220; background_image=&#8220;https:\/\/riegger-krause.de\/wp-content\/uploads\/2022\/01\/JSJ_800x1174px_Hauptzentralstrom_Jin-Shin-Jyutsu_A.jpg&#8220; background_last_edited=&#8220;on|desktop&#8220; background_enable_image_tablet=&#8220;off&#8220; global_colors_info=&#8220;{}&#8220;][et_pb_image src=&#8220;https:\/\/riegger-krause.de\/wp-content\/uploads\/2022\/01\/JSJ_800x1174px_Hauptzentralstrom_Jin-Shin-Jyutsu_A.jpg&#8220; title_text=&#8220;JSJ_800x1174px_Hauptzentralstrom_Jin-Shin-Jyutsu_A&#8220; disabled_on=&#8220;off|off|on&#8220; _builder_version=&#8220;4.16&#8243; _module_preset=&#8220;default&#8220; global_colors_info=&#8220;{}&#8220;][\/et_pb_image][\/et_pb_column][et_pb_column type=&#8220;1_2&#8243; _builder_version=&#8220;4.16&#8243; _module_preset=&#8220;default&#8220; global_colors_info=&#8220;{}&#8220;][et_pb_text _builder_version=&#8220;4.16&#8243; _module_preset=&#8220;default&#8220; global_colors_info=&#8220;{}&#8220;]<\/p>\n<h3>Str\u00f6men harmonisiert die Lebensenergie<\/p>\n<p>Harmonisieren des Hauptzentralstroms<\/h3>\n<h1>Quelle unserer Energie<\/h1>\n<p>[\/et_pb_text][et_pb_text _builder_version=&#8220;4.16&#8243; _module_preset=&#8220;default&#8220; text_orientation=&#8220;justified&#8220; global_colors_info=&#8220;{}&#8220;]<\/p>\n<p>Den Hauptzentralstrom k\u00f6nnen wir t\u00e4glich zur Energieversorgung anwenden. Bei Ersch\u00f6pfung und M\u00fcdigkeit liefert er uns die n\u00f6tige Kraft aus der universellen Quelle. Er hilft bei emotionalem Ungleichgewicht, Verzweiflung, st\u00e4rkt die Wirbels\u00e4ule. Er harmonisiert das Endokrine Dr\u00fcsensystem.<\/p>\n<p>&nbsp;<\/p>\n<h3>Revitalisierung in 7 Schritten<\/h3>\n<ol>\n<li>Legen Sie die Finger der rechten Hand oben auf den Kopf und die Finger der linken Hand auf die Mitte der Stirn.<\/li>\n<li>Die rechte Hand bleibt auf dem Kopf; bewegen Sie nun die linke Hand zur Nasenspitze.<\/li>\n<li>Legen Sie die linke Hand auf das obere Ende des Brustbeins.<\/li>\n<li>Legen Sie die linke Hand auf die Mitte des Brustbeins.<\/li>\n<li>Legen Sie die linke Hand auf das Sonnengeflecht (Solarplexus; Magengrube).<\/li>\n<li>Legen Sie die linke Hand an das Schambein.<\/li>\n<li>Die linke Hand bleibt am Schambein, die rechte Hand f\u00fchren Sie jetzt zum Stei\u00dfbein.<\/li>\n<\/ol>\n<p>[\/et_pb_text][\/et_pb_column][\/et_pb_row][\/et_pb_section]<\/p>\n","protected":false},"excerpt":{"rendered":"<p>Jin Shin JyutsuJin Shin Jyutsu als Tor zur HarmonieWie wir sehen werden, kann Jin Shin Jyutsu unser Bewusstsein erweitern und Freude und Vitalit\u00e4t in unser Leben bringen. Es bringt Harmonie in K\u00f6rper, Geist und Seele zur\u00fcck. Ebenso offenbart es einen Weg \u201emich selbst kennen zu lernen, mir selbst helfen zu lernen\u201c, wie Mary es in [&hellip;]<\/p>\n","protected":false},"author":1,"featured_media":0,"parent":0,"menu_order":0,"comment_status":"closed","ping_status":"closed","template":"","meta":{"_et_pb_use_builder":"on","_et_pb_old_content":"","_et_gb_content_width":"","footnotes":""},"class_list":["post-78","page","type-page","status-publish","hentry"],"_links":{"self":[{"href":"https:\/\/riegger-krause.de\/en\/wp-json\/wp\/v2\/pages\/78","targetHints":{"allow":["GET"]}}],"collection":[{"href":"https:\/\/riegger-krause.de\/en\/wp-json\/wp\/v2\/pages"}],"about":[{"href":"https:\/\/riegger-krause.de\/en\/wp-json\/wp\/v2\/types\/page"}],"author":[{"embeddable":true,"href":"https:\/\/riegger-krause.de\/en\/wp-json\/wp\/v2\/users\/1"}],"replies":[{"embeddable":true,"href":"https:\/\/riegger-krause.de\/en\/wp-json\/wp\/v2\/comments?post=78"}],"version-history":[{"count":24,"href":"https:\/\/riegger-krause.de\/en\/wp-json\/wp\/v2\/pages\/78\/revisions"}],"predecessor-version":[{"id":775,"href":"https:\/\/riegger-krause.de\/en\/wp-json\/wp\/v2\/pages\/78\/revisions\/775"}],"wp:attachment":[{"href":"https:\/\/riegger-krause.de\/en\/wp-json\/wp\/v2\/media?parent=78"}],"curies":[{"name":"wp","href":"https:\/\/api.w.org\/{rel}","templated":true}]}}